{"id":270749,"date":"2026-03-03T09:53:31","date_gmt":"2026-03-03T08:53:31","guid":{"rendered":"https:\/\/www.qocsolutions.com\/productos\/"},"modified":"2026-04-02T10:54:42","modified_gmt":"2026-04-02T08:54:42","slug":"productos","status":"publish","type":"page","link":"https:\/\/www.qocsolutions.com\/es\/productos\/","title":{"rendered":"PRODUCTOS"},"content":{"rendered":"<p>[et_pb_section fb_built=\u00bb1&#8243; _builder_version=\u00bb4.16&#8243; custom_padding=\u00bb0px||0px|||\u00bb global_colors_info=\u00bb{}\u00bb][et_pb_row _builder_version=\u00bb4.16&#8243; width=\u00bb100%\u00bb max_width=\u00bb2024px\u00bb custom_padding=\u00bb0px||0px|||\u00bb global_colors_info=\u00bb{}\u00bb][et_pb_column type=\u00bb4_4&#8243; _builder_version=\u00bb4.16&#8243; global_colors_info=\u00bb{}\u00bb][et_pb_slider _builder_version=\u00bb4.16&#8243; custom_padding=\u00bb180px||180px||true|\u00bb auto=\u00bbon\u00bb auto_speed=\u00bb5000&#8243; global_colors_info=\u00bb{}\u00bb][et_pb_slide heading=\u00bbPRODUCTOS\u00bb _builder_version=\u00bb4.16&#8243; header_font=\u00bbMontserrat|700|||||||\u00bb header_text_align=\u00bbright\u00bb header_font_size=\u00bb52px\u00bb body_font=\u00bbMontserrat|600|||||||\u00bb body_text_align=\u00bbright\u00bb body_font_size=\u00bb18px\u00bb background_color=\u00bbrgba(0,0,0,0.24)\u00bb background_enable_color=\u00bbon\u00bb background_image=\u00bbhttps:\/\/www.qocsolutions.com\/wp-content\/uploads\/2020\/09\/shutterstock_1048930442-scaled.jpg\u00bb background_enable_image=\u00bbon\u00bb background_blend=\u00bbmultiply\u00bb global_colors_info=\u00bb{}\u00bb sticky_transition=\u00bbon\u00bb]<\/p>\n<p>Calidad made in Italy<\/p>\n<p>[\/et_pb_slide][\/et_pb_slider][\/et_pb_column][\/et_pb_row][\/et_pb_section][et_pb_section fb_built=\u00bb1&#8243; _builder_version=\u00bb4.16&#8243; custom_padding=\u00bb22px||38px|||\u00bb global_colors_info=\u00bb{}\u00bb][et_pb_row column_structure=\u00bb1_4,3_4&#8243; make_equal=\u00bbon\u00bb _builder_version=\u00bb4.16&#8243; width=\u00bb72%\u00bb max_width=\u00bb1152px\u00bb module_alignment=\u00bbcenter\u00bb global_colors_info=\u00bb{}\u00bb][et_pb_column type=\u00bb1_4&#8243; _builder_version=\u00bb4.16&#8243; global_colors_info=\u00bb{}\u00bb][et_pb_text _builder_version=\u00bb4.9.0&#8243; text_font=\u00bbOpen Sans||||||||\u00bb text_text_color=\u00bb#000000&#8243; link_font=\u00bbOpen Sans||||||||solid\u00bb link_text_color=\u00bb#0c71c3&#8243; custom_margin=\u00bb||15px|||\u00bb link_option_url=\u00bbqocsolutions.com\u00bb border_color_right=\u00bb#adadad\u00bb border_color_bottom=\u00bb#afafaf\u00bb global_module=\u00bb268789&#8243; global_colors_info=\u00bb{}\u00bb]<\/p>\n<p style=\"text-align: left;\"><a href=\"https:\/\/qocsolutions.com\">Inicio<\/a><\/p>\n<hr \/>\n<p>&nbsp;<\/p>\n<p style=\"text-align: left;\"><a href=\"https:\/\/qocsolutions.com\/chi-siamo\">Sobre nosotros<\/a><\/p>\n<hr \/>\n<p>&nbsp;<\/p>\n<p style=\"text-align: left;\"><a href=\"https:\/\/qocsolutions.com\/gruppo\">El grupo<\/a><\/p>\n<hr \/>\n<p>&nbsp;<\/p>\n<p style=\"text-align: left;\"><a href=\"https:\/\/qocsolutions.com\/mission\">Misi\u00f3n<\/a><\/p>\n<hr \/>\n<p>&nbsp;<\/p>\n<p><a href=\"https:\/\/qocsolutions.com\/qualita\">Calidad<\/a><\/p>\n<hr \/>\n<p>&nbsp;<\/p>\n<p><a href=\"https:\/\/qocsolutions.com\/prodotti\">Productos<\/a><\/p>\n<p>[\/et_pb_text][\/et_pb_column][et_pb_column type=\u00bb3_4&#8243; _builder_version=\u00bb4.16&#8243; global_colors_info=\u00bb{}\u00bb][et_pb_text _builder_version=\u00bb4.16&#8243; header_font=\u00bbOpen Sans|600||on|||||\u00bb header_text_color=\u00bb#000000&#8243; header_font_size=\u00bb25px\u00bb custom_margin=\u00bb||0px|||\u00bb global_colors_info=\u00bb{}\u00bb]<\/p>\n<h1 style=\"text-align: left;\">Los productos de QOC Solutions se desarrollan y fabrican en Italia<\/h1>\n<p>[\/et_pb_text][et_pb_text _builder_version=\u00bb4.16&#8243; text_font=\u00bbOpen Sans||||||||\u00bb text_text_color=\u00bb#000000&#8243; text_font_size=\u00bb15px\u00bb text_line_height=\u00bb28px\u00bb header_font=\u00bbOpen Sans|700||on|||||\u00bb global_colors_info=\u00bb{}\u00bb]<\/p>\n<p><strong>QOC Solutions apoya la idea de un producto que incluya, como elementos fundamentales<\/strong><\/p>\n<ul>\n<li>facilidad de uso<\/li>\n<li>manipulaci\u00f3n realizada por un solo hombre<\/li>\n<li>comprensi\u00f3n inmediata del funcionamiento<\/li>\n<li>velocidad de apertura\/cierre<\/li>\n<li>aplicaci\u00f3n equilibrada e inteligente de la tecnolog\u00eda<\/li>\n<\/ul>\n<p>[\/et_pb_text][et_pb_text _builder_version=\u00bb4.16&#8243; header_font=\u00bbOpen Sans|600||on|||||\u00bb header_text_color=\u00bb#000000&#8243; header_font_size=\u00bb25px\u00bb custom_margin=\u00bb||0px|||\u00bb global_colors_info=\u00bb{}\u00bb]<\/p>\n<h1 style=\"text-align: left;\">Cierres r\u00e1pidos de QOC Solutions<\/h1>\n<p>[\/et_pb_text][et_pb_text _builder_version=\u00bb4.16&#8243; text_font=\u00bbOpen Sans||||||||\u00bb text_text_color=\u00bb#000000&#8243; text_font_size=\u00bb15px\u00bb text_line_height=\u00bb28px\u00bb header_font=\u00bbOpen Sans|700||on|||||\u00bb global_colors_info=\u00bb{}\u00bb]<\/p>\n<p><b>Los QOC<\/b> est\u00e1n <b>dise\u00f1ados para proporcionar un acceso r\u00e1pido e inmediato a los sistemas con y sin presi\u00f3n<\/b>.<\/p>\n<p>Las cerraduras r\u00e1pidas <b>QOC Solutions<\/b> son <b>sin\u00f3nimo de seguridad, calidad y <\/b> tecnolog\u00eda punta, y tienen una <b>garant\u00eda de 24 meses desde la entrega<\/b>.<\/p>\n<p>Todos los cierres r\u00e1pidos QOC Solutions est\u00e1n equipados con un<b> dispositivo de seguridad<\/b> dise\u00f1ado y fabricado de acuerdo con ASME VIII div.1 UG-35 y ASME VIII div.2 Par. 4.8 que alerta a los operarios de la presencia de presi\u00f3n residual en el interior del dispositivo mediante una<b> se\u00f1al ac\u00fastica<\/b>.<\/p>\n<p>Adem\u00e1s, se pueden incluir en el volumen de suministro dispositivos de<b>advertencia visual<\/b> y de <b>descarga de gases residuales o l\u00edquidos \u00e1cidos <\/b>en una zona segura y alejada del operario.<\/p>\n<p>[\/et_pb_text][et_pb_text _builder_version=\u00bb4.16&#8243; header_font=\u00bbOpen Sans|600||on|||||\u00bb header_text_color=\u00bb#000000&#8243; header_font_size=\u00bb25px\u00bb custom_margin=\u00bb||0px|||\u00bb global_colors_info=\u00bb{}\u00bb]<\/p>\n<h1 style=\"text-align: left;\">Las caracter\u00edsticas de los QOC<\/h1>\n<p>[\/et_pb_text][et_pb_text _builder_version=\u00bb4.16&#8243; text_font=\u00bbOpen Sans||||||||\u00bb text_text_color=\u00bb#000000&#8243; text_font_size=\u00bb15px\u00bb text_line_height=\u00bb28px\u00bb header_font=\u00bbOpen Sans|700||on|||||\u00bb global_colors_info=\u00bb{}\u00bb]<\/p>\n<p><b>QOC Solutions<\/b> fabrica cierres <b>r\u00e1pidos roscados<\/b> (QOC THD),<b>cierres r\u00e1pidos sectoriales<\/b> <b>, <b>cierres <\/b> r\u00e1pidos <b>de mordaza<\/b> y <b>cierres r\u00e1pidos dentados <\/b>(manuales o autom\u00e1ticos) que se utilizan en dep\u00f3sitos a presi\u00f3n y atmosf\u00e9ricos, trampas de lanzamiento y recepci\u00f3n, filtros verticales y horizontales, bocas de inspecci\u00f3n, pasos de mano, separadores filtrantes, filtros trif\u00e1sicos, minirreactores, autoclaves y transportadores de cadena temporizados.<\/b><\/p>\n<p>Los acoplamientos r\u00e1pidos que fabricamos cubren <b>rangos de producci\u00f3n de DN 2&#8243; a DN 72&#8243;,<\/b> soportan <b>temperaturas <\/b>de<b> -46\u00b0C a +350\u00b0C<\/b>, con <b>presiones nominales de hasta ANSI 2500<\/b>. e<\/p>\n<p>Tambi\u00e9n est\u00e1n equipados con una junta <b>t\u00f3rica<\/b> o un ret\u00e9n especial que garantiza un rendimiento excelente incluso a bajas presiones.<\/p>\n<p>Los cierres r\u00e1pidos QOC Solutions pueden fabricarse en:<\/p>\n<ul>\n<li><b>acero al carbono <\/b><\/li>\n<li><b>acero inoxidable <\/b><\/li>\n<li><b>d\u00faplex forjado o superd\u00faplex<\/b><\/li>\n<\/ul>\n<p>Adem\u00e1s, los <b>tratamientos de protecci\u00f3n\/anticorrosi\u00f3n<\/b> de componentes como<\/p>\n<ul>\n<li><b>niquelado<\/b><\/li>\n<li><b>galvanizaci\u00f3n en fr\u00edo<\/b><\/li>\n<li><b>Teflonado<\/b><\/li>\n<li><b>chorreado y pintado con imprimaci\u00f3n epoxi<\/b><\/li>\n<li><b>revestimientos finales seg\u00fan especificaciones<\/b><\/li>\n<\/ul>\n<p>[\/et_pb_text][\/et_pb_column][\/et_pb_row][\/et_pb_section]<\/p>\n","protected":false},"excerpt":{"rendered":"<p>Calidad made in Italy Inicio &nbsp; Sobre nosotros &nbsp; El grupo &nbsp; Misi\u00f3n &nbsp; Calidad &nbsp; Productos Los productos de QOC Solutions se desarrollan y fabrican en Italia QOC Solutions apoya la idea de un producto que incluya, como elementos fundamentales facilidad de uso manipulaci\u00f3n realizada por un solo hombre comprensi\u00f3n inmediata del funcionamiento velocidad [&hellip;]<\/p>\n","protected":false},"author":1,"featured_media":0,"parent":0,"menu_order":0,"comment_status":"closed","ping_status":"closed","template":"","meta":{"_et_pb_use_builder":"on","_et_pb_old_content":"","_et_gb_content_width":"","footnotes":""},"class_list":["post-270749","page","type-page","status-publish","hentry"],"yoast_head":"<!-- This site is optimized with the Yoast SEO plugin v27.5 - https:\/\/yoast.com\/product\/yoast-seo-wordpress\/ -->\n<title>Productos de QOC Solutions: Cierres de apertura r\u00e1pida para dep\u00f3sitos y recipientes a presi\u00f3n, filtros de gas, tuber\u00edas, etc.<\/title>\n<meta name=\"description\" content=\"Los productos de QOC Solutions son cierres r\u00e1pidos para dep\u00f3sitos industriales, plantas a presi\u00f3n y sin presi\u00f3n, filtros de gas, oleoductos y gasoductos, y cierres para plantas petrol\u00edferas y de gas, qu\u00edmicas, petroqu\u00edmicas y alimentarias. Con sede en Vaprio d&#039;Agogna, Novara.\" \/>\n<meta name=\"robots\" content=\"index, follow, max-snippet:-1, max-image-preview:large, max-video-preview:-1\" \/>\n<link rel=\"canonical\" href=\"https:\/\/www.qocsolutions.com\/es\/productos\/\" \/>\n<meta property=\"og:locale\" content=\"es_ES\" \/>\n<meta property=\"og:type\" content=\"article\" \/>\n<meta property=\"og:title\" content=\"Productos de QOC Solutions: Cierres de apertura r\u00e1pida para dep\u00f3sitos y recipientes a presi\u00f3n, filtros de gas, tuber\u00edas, etc.\" \/>\n<meta property=\"og:description\" content=\"Los productos de QOC Solutions son cierres r\u00e1pidos para dep\u00f3sitos industriales, plantas a presi\u00f3n y sin presi\u00f3n, filtros de gas, oleoductos y gasoductos, y cierres para plantas petrol\u00edferas y de gas, qu\u00edmicas, petroqu\u00edmicas y alimentarias. Con sede en Vaprio d&#039;Agogna, Novara.\" \/>\n<meta property=\"og:url\" content=\"https:\/\/www.qocsolutions.com\/es\/productos\/\" \/>\n<meta property=\"og:site_name\" content=\"qoc\" \/>\n<meta property=\"article:modified_time\" content=\"2026-04-02T08:54:42+00:00\" \/>\n<meta name=\"twitter:card\" content=\"summary_large_image\" \/>\n<meta name=\"twitter:label1\" content=\"Tiempo de lectura\" \/>\n\t<meta name=\"twitter:data1\" content=\"4 minutos\" \/>\n<script type=\"application\/ld+json\" class=\"yoast-schema-graph\">{\"@context\":\"https:\\\/\\\/schema.org\",\"@graph\":[{\"@type\":\"WebPage\",\"@id\":\"https:\\\/\\\/www.qocsolutions.com\\\/es\\\/productos\\\/\",\"url\":\"https:\\\/\\\/www.qocsolutions.com\\\/es\\\/productos\\\/\",\"name\":\"Productos de QOC Solutions: Cierres de apertura r\u00e1pida para dep\u00f3sitos y recipientes a presi\u00f3n, filtros de gas, tuber\u00edas, etc.\",\"isPartOf\":{\"@id\":\"https:\\\/\\\/www.qocsolutions.com\\\/es\\\/#website\"},\"datePublished\":\"2026-03-03T08:53:31+00:00\",\"dateModified\":\"2026-04-02T08:54:42+00:00\",\"description\":\"Los productos de QOC Solutions son cierres r\u00e1pidos para dep\u00f3sitos industriales, plantas a presi\u00f3n y sin presi\u00f3n, filtros de gas, oleoductos y gasoductos, y cierres para plantas petrol\u00edferas y de gas, qu\u00edmicas, petroqu\u00edmicas y alimentarias. Con sede en Vaprio d'Agogna, Novara.\",\"breadcrumb\":{\"@id\":\"https:\\\/\\\/www.qocsolutions.com\\\/es\\\/productos\\\/#breadcrumb\"},\"inLanguage\":\"es\",\"potentialAction\":[{\"@type\":\"ReadAction\",\"target\":[\"https:\\\/\\\/www.qocsolutions.com\\\/es\\\/productos\\\/\"]}]},{\"@type\":\"BreadcrumbList\",\"@id\":\"https:\\\/\\\/www.qocsolutions.com\\\/es\\\/productos\\\/#breadcrumb\",\"itemListElement\":[{\"@type\":\"ListItem\",\"position\":1,\"name\":\"Home\",\"item\":\"https:\\\/\\\/www.qocsolutions.com\\\/es\\\/\"},{\"@type\":\"ListItem\",\"position\":2,\"name\":\"PRODUCTOS\"}]},{\"@type\":\"WebSite\",\"@id\":\"https:\\\/\\\/www.qocsolutions.com\\\/es\\\/#website\",\"url\":\"https:\\\/\\\/www.qocsolutions.com\\\/es\\\/\",\"name\":\"qoc\",\"description\":\"\",\"potentialAction\":[{\"@type\":\"SearchAction\",\"target\":{\"@type\":\"EntryPoint\",\"urlTemplate\":\"https:\\\/\\\/www.qocsolutions.com\\\/es\\\/?s={search_term_string}\"},\"query-input\":{\"@type\":\"PropertyValueSpecification\",\"valueRequired\":true,\"valueName\":\"search_term_string\"}}],\"inLanguage\":\"es\"}]}<\/script>\n<!-- \/ Yoast SEO plugin. -->","yoast_head_json":{"title":"Productos de QOC Solutions: Cierres de apertura r\u00e1pida para dep\u00f3sitos y recipientes a presi\u00f3n, filtros de gas, tuber\u00edas, etc.","description":"Los productos de QOC Solutions son cierres r\u00e1pidos para dep\u00f3sitos industriales, plantas a presi\u00f3n y sin presi\u00f3n, filtros de gas, oleoductos y gasoductos, y cierres para plantas petrol\u00edferas y de gas, qu\u00edmicas, petroqu\u00edmicas y alimentarias. Con sede en Vaprio d'Agogna, Novara.","robots":{"index":"index","follow":"follow","max-snippet":"max-snippet:-1","max-image-preview":"max-image-preview:large","max-video-preview":"max-video-preview:-1"},"canonical":"https:\/\/www.qocsolutions.com\/es\/productos\/","og_locale":"es_ES","og_type":"article","og_title":"Productos de QOC Solutions: Cierres de apertura r\u00e1pida para dep\u00f3sitos y recipientes a presi\u00f3n, filtros de gas, tuber\u00edas, etc.","og_description":"Los productos de QOC Solutions son cierres r\u00e1pidos para dep\u00f3sitos industriales, plantas a presi\u00f3n y sin presi\u00f3n, filtros de gas, oleoductos y gasoductos, y cierres para plantas petrol\u00edferas y de gas, qu\u00edmicas, petroqu\u00edmicas y alimentarias. Con sede en Vaprio d'Agogna, Novara.","og_url":"https:\/\/www.qocsolutions.com\/es\/productos\/","og_site_name":"qoc","article_modified_time":"2026-04-02T08:54:42+00:00","twitter_card":"summary_large_image","twitter_misc":{"Tiempo de lectura":"4 minutos"},"schema":{"@context":"https:\/\/schema.org","@graph":[{"@type":"WebPage","@id":"https:\/\/www.qocsolutions.com\/es\/productos\/","url":"https:\/\/www.qocsolutions.com\/es\/productos\/","name":"Productos de QOC Solutions: Cierres de apertura r\u00e1pida para dep\u00f3sitos y recipientes a presi\u00f3n, filtros de gas, tuber\u00edas, etc.","isPartOf":{"@id":"https:\/\/www.qocsolutions.com\/es\/#website"},"datePublished":"2026-03-03T08:53:31+00:00","dateModified":"2026-04-02T08:54:42+00:00","description":"Los productos de QOC Solutions son cierres r\u00e1pidos para dep\u00f3sitos industriales, plantas a presi\u00f3n y sin presi\u00f3n, filtros de gas, oleoductos y gasoductos, y cierres para plantas petrol\u00edferas y de gas, qu\u00edmicas, petroqu\u00edmicas y alimentarias. Con sede en Vaprio d'Agogna, Novara.","breadcrumb":{"@id":"https:\/\/www.qocsolutions.com\/es\/productos\/#breadcrumb"},"inLanguage":"es","potentialAction":[{"@type":"ReadAction","target":["https:\/\/www.qocsolutions.com\/es\/productos\/"]}]},{"@type":"BreadcrumbList","@id":"https:\/\/www.qocsolutions.com\/es\/productos\/#breadcrumb","itemListElement":[{"@type":"ListItem","position":1,"name":"Home","item":"https:\/\/www.qocsolutions.com\/es\/"},{"@type":"ListItem","position":2,"name":"PRODUCTOS"}]},{"@type":"WebSite","@id":"https:\/\/www.qocsolutions.com\/es\/#website","url":"https:\/\/www.qocsolutions.com\/es\/","name":"qoc","description":"","potentialAction":[{"@type":"SearchAction","target":{"@type":"EntryPoint","urlTemplate":"https:\/\/www.qocsolutions.com\/es\/?s={search_term_string}"},"query-input":{"@type":"PropertyValueSpecification","valueRequired":true,"valueName":"search_term_string"}}],"inLanguage":"es"}]}},"_links":{"self":[{"href":"https:\/\/www.qocsolutions.com\/es\/wp-json\/wp\/v2\/pages\/270749","targetHints":{"allow":["GET"]}}],"collection":[{"href":"https:\/\/www.qocsolutions.com\/es\/wp-json\/wp\/v2\/pages"}],"about":[{"href":"https:\/\/www.qocsolutions.com\/es\/wp-json\/wp\/v2\/types\/page"}],"author":[{"embeddable":true,"href":"https:\/\/www.qocsolutions.com\/es\/wp-json\/wp\/v2\/users\/1"}],"replies":[{"embeddable":true,"href":"https:\/\/www.qocsolutions.com\/es\/wp-json\/wp\/v2\/comments?post=270749"}],"version-history":[{"count":1,"href":"https:\/\/www.qocsolutions.com\/es\/wp-json\/wp\/v2\/pages\/270749\/revisions"}],"predecessor-version":[{"id":271161,"href":"https:\/\/www.qocsolutions.com\/es\/wp-json\/wp\/v2\/pages\/270749\/revisions\/271161"}],"wp:attachment":[{"href":"https:\/\/www.qocsolutions.com\/es\/wp-json\/wp\/v2\/media?parent=270749"}],"curies":[{"name":"wp","href":"https:\/\/api.w.org\/{rel}","templated":true}]}}