{"id":270768,"date":"2026-03-03T10:02:06","date_gmt":"2026-03-03T09:02:06","guid":{"rendered":"https:\/\/www.qocsolutions.com\/blog\/"},"modified":"2026-03-03T17:40:33","modified_gmt":"2026-03-03T16:40:33","slug":"blog","status":"publish","type":"page","link":"https:\/\/www.qocsolutions.com\/es\/blog\/","title":{"rendered":"Blog"},"content":{"rendered":"<p>[et_pb_section fb_built=\u00bb1&#8243; _builder_version=\u00bb4.4.8&#8243; custom_padding=\u00bb0px||0px|||\u00bb global_colors_info=\u00bb{}\u00bb][et_pb_row _builder_version=\u00bb4.4.8&#8243; width=\u00bb100%\u00bb max_width=\u00bb2024px\u00bb custom_padding=\u00bb0px||0px|||\u00bb global_colors_info=\u00bb{}\u00bb][et_pb_column type=\u00bb4_4&#8243; _builder_version=\u00bb4.4.8&#8243; global_colors_info=\u00bb{}\u00bb][et_pb_slider _builder_version=\u00bb4.14.7&#8243; custom_padding=\u00bb180px||180px||true|\u00bb auto=\u00bbon\u00bb auto_speed=\u00bb5000&#8243; hover_enabled=\u00bb0&#8243; header_font_size_tablet=\u00bb\u00bb header_font_size_phone=\u00bb34px\u00bb header_font_size_last_edited=\u00bbon|phone\u00bb global_colors_info=\u00bb{}\u00bb sticky_enabled=\u00bb0&#8243;][et_pb_slide heading=\u00bbBlog\u00bb _builder_version=\u00bb4.14.7&#8243; header_font=\u00bbMontserrat|700|||||||\u00bb header_text_align=\u00bbright\u00bb header_font_size=\u00bb52px\u00bb body_font=\u00bbMontserrat|600|||||||\u00bb body_text_align=\u00bbright\u00bb body_font_size=\u00bb18px\u00bb background_color=\u00bbrgba(0,0,0,0.24)\u00bb background_enable_color=\u00bbon\u00bb background_image=\u00bbhttps:\/\/www.qocsolutions.com\/wp-content\/uploads\/2020\/09\/Risorsa-2.png\u00bb background_enable_image=\u00bbon\u00bb background_blend=\u00bbmultiply\u00bb hover_enabled=\u00bb0&#8243; global_colors_info=\u00bb{}\u00bb sticky_transition=\u00bbon\u00bb header_level=\u00bbh1&#8243; sticky_enabled=\u00bb0&#8243;][\/et_pb_slide][\/et_pb_slider][\/et_pb_column][\/et_pb_row][\/et_pb_section][et_pb_section fb_built=\u00bb1&#8243; _builder_version=\u00bb4.4.8&#8243; custom_padding=\u00bb22px||113px|||\u00bb global_colors_info=\u00bb{}\u00bb][et_pb_row make_equal=\u00bbon\u00bb _builder_version=\u00bb4.4.8&#8243; width=\u00bb72%\u00bb max_width=\u00bb1309px\u00bb module_alignment=\u00bbcenter\u00bb global_colors_info=\u00bb{}\u00bb][et_pb_column type=\u00bb4_4&#8243; _builder_version=\u00bb4.4.8&#8243; global_colors_info=\u00bb{}\u00bb][et_pb_blog fullwidth=\u00bboff\u00bb posts_number=\u00bb9&#8243; show_author=\u00bboff\u00bb show_date=\u00bboff\u00bb show_categories=\u00bboff\u00bb _builder_version=\u00bb4.9.0&#8243; _module_preset=\u00bbdefault\u00bb header_font=\u00bbRaleway||||||||\u00bb header_text_color=\u00bb#0c71c3&#8243; header_font_size=\u00bb19px\u00bb header_line_height=\u00bb1.4em\u00bb body_font=\u00bbOpen Sans||||||||\u00bb body_font_size=\u00bb15px\u00bb body_line_height=\u00bb1.8em\u00bb global_colors_info=\u00bb{}\u00bb][\/et_pb_blog][\/et_pb_column][\/et_pb_row][\/et_pb_section]<\/p>\n","protected":false},"excerpt":{"rendered":"","protected":false},"author":1,"featured_media":0,"parent":0,"menu_order":0,"comment_status":"closed","ping_status":"closed","template":"","meta":{"_et_pb_use_builder":"on","_et_pb_old_content":"","_et_gb_content_width":"","footnotes":""},"class_list":["post-270768","page","type-page","status-publish","hentry"],"yoast_head":"<!-- This site is optimized with the Yoast SEO plugin v27.5 - https:\/\/yoast.com\/product\/yoast-seo-wordpress\/ -->\n<title>El blog de QOC Solutions: noticias del mundo de las cerraduras r\u00e1pidas<\/title>\n<meta name=\"description\" content=\"El blog oficial de QOC Solutions: noticias y art\u00edculos sobre el mundo de los cierres r\u00e1pidos y los componentes para instalaciones industriales en general. QOC Solutions tiene su sede en Vaprio d&#039;Agogna, en la provincia de Novara.\" \/>\n<meta name=\"robots\" content=\"index, follow, max-snippet:-1, max-image-preview:large, max-video-preview:-1\" \/>\n<link rel=\"canonical\" href=\"https:\/\/www.qocsolutions.com\/es\/blog\/\" \/>\n<meta property=\"og:locale\" content=\"es_ES\" \/>\n<meta property=\"og:type\" content=\"article\" \/>\n<meta property=\"og:title\" content=\"El blog de QOC Solutions: noticias del mundo de las cerraduras r\u00e1pidas\" \/>\n<meta property=\"og:description\" content=\"El blog oficial de QOC Solutions: noticias y art\u00edculos sobre el mundo de los cierres r\u00e1pidos y los componentes para instalaciones industriales en general. QOC Solutions tiene su sede en Vaprio d&#039;Agogna, en la provincia de Novara.\" \/>\n<meta property=\"og:url\" content=\"https:\/\/www.qocsolutions.com\/es\/blog\/\" \/>\n<meta property=\"og:site_name\" content=\"qoc\" \/>\n<meta property=\"article:modified_time\" content=\"2026-03-03T16:40:33+00:00\" \/>\n<meta name=\"twitter:card\" content=\"summary_large_image\" \/>\n<meta name=\"twitter:label1\" content=\"Tiempo de lectura\" \/>\n\t<meta name=\"twitter:data1\" content=\"1 minuto\" \/>\n<script type=\"application\/ld+json\" class=\"yoast-schema-graph\">{\"@context\":\"https:\\\/\\\/schema.org\",\"@graph\":[{\"@type\":\"WebPage\",\"@id\":\"https:\\\/\\\/www.qocsolutions.com\\\/es\\\/blog\\\/\",\"url\":\"https:\\\/\\\/www.qocsolutions.com\\\/es\\\/blog\\\/\",\"name\":\"El blog de QOC Solutions: noticias del mundo de las cerraduras r\u00e1pidas\",\"isPartOf\":{\"@id\":\"https:\\\/\\\/www.qocsolutions.com\\\/es\\\/#website\"},\"datePublished\":\"2026-03-03T09:02:06+00:00\",\"dateModified\":\"2026-03-03T16:40:33+00:00\",\"description\":\"El blog oficial de QOC Solutions: noticias y art\u00edculos sobre el mundo de los cierres r\u00e1pidos y los componentes para instalaciones industriales en general. QOC Solutions tiene su sede en Vaprio d'Agogna, en la provincia de Novara.\",\"breadcrumb\":{\"@id\":\"https:\\\/\\\/www.qocsolutions.com\\\/es\\\/blog\\\/#breadcrumb\"},\"inLanguage\":\"es\",\"potentialAction\":[{\"@type\":\"ReadAction\",\"target\":[\"https:\\\/\\\/www.qocsolutions.com\\\/es\\\/blog\\\/\"]}]},{\"@type\":\"BreadcrumbList\",\"@id\":\"https:\\\/\\\/www.qocsolutions.com\\\/es\\\/blog\\\/#breadcrumb\",\"itemListElement\":[{\"@type\":\"ListItem\",\"position\":1,\"name\":\"Home\",\"item\":\"https:\\\/\\\/www.qocsolutions.com\\\/es\\\/\"},{\"@type\":\"ListItem\",\"position\":2,\"name\":\"Blog\"}]},{\"@type\":\"WebSite\",\"@id\":\"https:\\\/\\\/www.qocsolutions.com\\\/es\\\/#website\",\"url\":\"https:\\\/\\\/www.qocsolutions.com\\\/es\\\/\",\"name\":\"qoc\",\"description\":\"\",\"potentialAction\":[{\"@type\":\"SearchAction\",\"target\":{\"@type\":\"EntryPoint\",\"urlTemplate\":\"https:\\\/\\\/www.qocsolutions.com\\\/es\\\/?s={search_term_string}\"},\"query-input\":{\"@type\":\"PropertyValueSpecification\",\"valueRequired\":true,\"valueName\":\"search_term_string\"}}],\"inLanguage\":\"es\"}]}<\/script>\n<!-- \/ Yoast SEO plugin. -->","yoast_head_json":{"title":"El blog de QOC Solutions: noticias del mundo de las cerraduras r\u00e1pidas","description":"El blog oficial de QOC Solutions: noticias y art\u00edculos sobre el mundo de los cierres r\u00e1pidos y los componentes para instalaciones industriales en general. QOC Solutions tiene su sede en Vaprio d'Agogna, en la provincia de Novara.","robots":{"index":"index","follow":"follow","max-snippet":"max-snippet:-1","max-image-preview":"max-image-preview:large","max-video-preview":"max-video-preview:-1"},"canonical":"https:\/\/www.qocsolutions.com\/es\/blog\/","og_locale":"es_ES","og_type":"article","og_title":"El blog de QOC Solutions: noticias del mundo de las cerraduras r\u00e1pidas","og_description":"El blog oficial de QOC Solutions: noticias y art\u00edculos sobre el mundo de los cierres r\u00e1pidos y los componentes para instalaciones industriales en general. QOC Solutions tiene su sede en Vaprio d'Agogna, en la provincia de Novara.","og_url":"https:\/\/www.qocsolutions.com\/es\/blog\/","og_site_name":"qoc","article_modified_time":"2026-03-03T16:40:33+00:00","twitter_card":"summary_large_image","twitter_misc":{"Tiempo de lectura":"1 minuto"},"schema":{"@context":"https:\/\/schema.org","@graph":[{"@type":"WebPage","@id":"https:\/\/www.qocsolutions.com\/es\/blog\/","url":"https:\/\/www.qocsolutions.com\/es\/blog\/","name":"El blog de QOC Solutions: noticias del mundo de las cerraduras r\u00e1pidas","isPartOf":{"@id":"https:\/\/www.qocsolutions.com\/es\/#website"},"datePublished":"2026-03-03T09:02:06+00:00","dateModified":"2026-03-03T16:40:33+00:00","description":"El blog oficial de QOC Solutions: noticias y art\u00edculos sobre el mundo de los cierres r\u00e1pidos y los componentes para instalaciones industriales en general. QOC Solutions tiene su sede en Vaprio d'Agogna, en la provincia de Novara.","breadcrumb":{"@id":"https:\/\/www.qocsolutions.com\/es\/blog\/#breadcrumb"},"inLanguage":"es","potentialAction":[{"@type":"ReadAction","target":["https:\/\/www.qocsolutions.com\/es\/blog\/"]}]},{"@type":"BreadcrumbList","@id":"https:\/\/www.qocsolutions.com\/es\/blog\/#breadcrumb","itemListElement":[{"@type":"ListItem","position":1,"name":"Home","item":"https:\/\/www.qocsolutions.com\/es\/"},{"@type":"ListItem","position":2,"name":"Blog"}]},{"@type":"WebSite","@id":"https:\/\/www.qocsolutions.com\/es\/#website","url":"https:\/\/www.qocsolutions.com\/es\/","name":"qoc","description":"","potentialAction":[{"@type":"SearchAction","target":{"@type":"EntryPoint","urlTemplate":"https:\/\/www.qocsolutions.com\/es\/?s={search_term_string}"},"query-input":{"@type":"PropertyValueSpecification","valueRequired":true,"valueName":"search_term_string"}}],"inLanguage":"es"}]}},"_links":{"self":[{"href":"https:\/\/www.qocsolutions.com\/es\/wp-json\/wp\/v2\/pages\/270768","targetHints":{"allow":["GET"]}}],"collection":[{"href":"https:\/\/www.qocsolutions.com\/es\/wp-json\/wp\/v2\/pages"}],"about":[{"href":"https:\/\/www.qocsolutions.com\/es\/wp-json\/wp\/v2\/types\/page"}],"author":[{"embeddable":true,"href":"https:\/\/www.qocsolutions.com\/es\/wp-json\/wp\/v2\/users\/1"}],"replies":[{"embeddable":true,"href":"https:\/\/www.qocsolutions.com\/es\/wp-json\/wp\/v2\/comments?post=270768"}],"version-history":[{"count":0,"href":"https:\/\/www.qocsolutions.com\/es\/wp-json\/wp\/v2\/pages\/270768\/revisions"}],"wp:attachment":[{"href":"https:\/\/www.qocsolutions.com\/es\/wp-json\/wp\/v2\/media?parent=270768"}],"curies":[{"name":"wp","href":"https:\/\/api.w.org\/{rel}","templated":true}]}}