{"id":270782,"date":"2026-03-03T10:02:34","date_gmt":"2026-03-03T09:02:34","guid":{"rendered":"https:\/\/www.qocsolutions.com\/16-900-120-barg\/"},"modified":"2026-04-02T11:13:36","modified_gmt":"2026-04-02T09:13:36","slug":"16-900-120-barg","status":"publish","type":"page","link":"https:\/\/www.qocsolutions.com\/es\/16-900-120-barg\/","title":{"rendered":"16&#8243;\/900 &#8211; 120 barg"},"content":{"rendered":"<p>[et_pb_section fb_built=\u00bb1&#8243; _builder_version=\u00bb4.4.8&#8243; custom_padding=\u00bb0px||0px|||\u00bb global_colors_info=\u00bb{}\u00bb][et_pb_row _builder_version=\u00bb4.4.8&#8243; width=\u00bb100%\u00bb max_width=\u00bb2024px\u00bb custom_padding=\u00bb0px||0px|||\u00bb global_colors_info=\u00bb{}\u00bb][et_pb_column type=\u00bb4_4&#8243; _builder_version=\u00bb4.4.8&#8243; global_colors_info=\u00bb{}\u00bb][et_pb_slider _builder_version=\u00bb4.14.7&#8243; custom_margin=\u00bb||-3px|||\u00bb custom_padding=\u00bb130px||130px||true|\u00bb auto=\u00bbon\u00bb auto_speed=\u00bb5000&#8243; hover_enabled=\u00bb0&#8243; global_colors_info=\u00bb{}\u00bb sticky_enabled=\u00bb0&#8243;][et_pb_slide heading=\u00bbCIERRE R\u00c1PIDO DE SECTORES\u00bb _builder_version=\u00bb4.14.7&#8243; header_font=\u00bbMontserrat|700|||||||\u00bb header_text_align=\u00bbright\u00bb header_font_size=\u00bb52px\u00bb body_font=\u00bbMontserrat|600|||||||\u00bb body_text_align=\u00bbright\u00bb body_font_size=\u00bb18px\u00bb background_color=\u00bbrgba(0,0,0,0.66)\u00bb background_enable_color=\u00bbon\u00bb background_image=\u00bbhttps:\/\/qocsolutions.com\/wp-content\/uploads\/2020\/09\/shutterstock_1048930442-scaled.jpg\u00bb background_enable_image=\u00bbon\u00bb background_blend=\u00bbmultiply\u00bb hover_enabled=\u00bb0&#8243; global_colors_info=\u00bb{}\u00bb sticky_transition=\u00bbon\u00bb header_level=\u00bbh1&#8243; sticky_enabled=\u00bb0&#8243;]<\/p>\n<p>INSTALACI\u00d3N VERTICAL<\/p>\n<p>[\/et_pb_slide][\/et_pb_slider][\/et_pb_column][\/et_pb_row][\/et_pb_section][et_pb_section fb_built=\u00bb1&#8243; specialty=\u00bbon\u00bb _builder_version=\u00bb4.4.8&#8243; custom_padding=\u00bb30px|||||\u00bb global_colors_info=\u00bb{}\u00bb][et_pb_column type=\u00bb1_4&#8243; _builder_version=\u00bb3.25&#8243; custom_padding=\u00bb|||\u00bb global_colors_info=\u00bb{}\u00bb custom_padding__hover=\u00bb|||\u00bb][et_pb_text disabled_on=\u00bbon|on|off\u00bb _builder_version=\u00bb4.4.8&#8243; text_font=\u00bbRaleway|700|||||||\u00bb text_text_color=\u00bb#0c71c3&#8243; text_font_size=\u00bb16px\u00bb text_letter_spacing=\u00bb1px\u00bb custom_padding=\u00bb||14px||false|false\u00bb border_width_bottom=\u00bb1px\u00bb border_color_bottom=\u00bb#0c71c3&#8243; global_colors_info=\u00bb{}\u00bb]<\/p>\n<p>PROYECTOS<\/p>\n<p>[\/et_pb_text][et_pb_sidebar show_border=\u00bboff\u00bb _builder_version=\u00bb4.4.8&#8243; header_font=\u00bb||||on||||\u00bb body_font=\u00bbLato||||||||\u00bb body_text_color=\u00bb#000000&#8243; body_line_height=\u00bb3em\u00bb global_module=\u00bb269300&#8243; global_colors_info=\u00bb{}\u00bb][\/et_pb_sidebar][\/et_pb_column][et_pb_column type=\u00bb3_4&#8243; specialty_columns=\u00bb3&#8243; _builder_version=\u00bb3.25&#8243; custom_padding=\u00bb|||\u00bb global_colors_info=\u00bb{}\u00bb custom_padding__hover=\u00bb|||\u00bb][et_pb_row_inner column_structure=\u00bb1_3,1_3,1_3&#8243; _builder_version=\u00bb4.4.8&#8243; border_width_bottom=\u00bb1px\u00bb border_color_bottom=\u00bb#aaaaaa\u00bb global_colors_info=\u00bb{}\u00bb][et_pb_column_inner type=\u00bb1_3&#8243; saved_specialty_column_type=\u00bb3_4&#8243; _builder_version=\u00bb4.4.8&#8243; global_colors_info=\u00bb{}\u00bb][et_pb_text _builder_version=\u00bb4.4.8&#8243; text_font=\u00bbOpen Sans||||||||\u00bb text_text_color=\u00bb#000000&#8243; text_font_size=\u00bb18px\u00bb text_line_height=\u00bb28px\u00bb ul_font=\u00bbOpen Sans||||||||\u00bb header_font=\u00bbOpen Sans|700||on|||||\u00bb global_colors_info=\u00bb{}\u00bb]<strong>QOC DN Presi\u00f3n de dise\u00f1o<\/strong> 16&#8243;\/900 &#8211; 120 barg[\/et_pb_text][\/et_pb_column_inner][et_pb_column_inner type=\u00bb1_3&#8243; saved_specialty_column_type=\u00bb3_4&#8243; _builder_version=\u00bb4.4.8&#8243; global_colors_info=\u00bb{}\u00bb][et_pb_text _builder_version=\u00bb4.4.8&#8243; text_font=\u00bbOpen Sans||||||||\u00bb text_text_color=\u00bb#000000&#8243; text_font_size=\u00bb18px\u00bb text_line_height=\u00bb28px\u00bb ul_font=\u00bbOpen Sans||||||||\u00bb header_font=\u00bbOpen Sans|700||on|||||\u00bb global_colors_info=\u00bb{}\u00bb]<\/p>\n<p><strong>Instalaci\u00f3n final<\/strong><br \/>Argelia[\/et_pb_text][\/et_pb_column_inner][et_pb_column_inner type=\u00bb1_3&#8243; saved_specialty_column_type=\u00bb3_4&#8243; _builder_version=\u00bb4.4.8&#8243; global_colors_info=\u00bb{}\u00bb][et_pb_text _builder_version=\u00bb4.4.8&#8243; text_font=\u00bbOpen Sans||||||||\u00bb text_text_color=\u00bb#000000&#8243; text_font_size=\u00bb18px\u00bb text_line_height=\u00bb28px\u00bb ul_font=\u00bbOpen Sans||||||||\u00bb header_font=\u00bbOpen Sans|700||on|||||\u00bb global_colors_info=\u00bb{}\u00bb]<\/p>\n<p><strong>Ref. del proyecto<\/strong><br \/>Trampas de lanzamiento y recepci\u00f3n<\/p>\n<p>[\/et_pb_text][\/et_pb_column_inner][\/et_pb_row_inner][et_pb_row_inner column_structure=\u00bb1_2,1_2&#8243; _builder_version=\u00bb4.4.8&#8243; global_colors_info=\u00bb{}\u00bb][et_pb_column_inner type=\u00bb1_2&#8243; saved_specialty_column_type=\u00bb3_4&#8243; _builder_version=\u00bb4.4.8&#8243; global_colors_info=\u00bb{}\u00bb][et_pb_image src=\u00bbhttps:\/\/qocsolutions.com\/wp-content\/uploads\/2021\/01\/foto-02.png\u00bb title_text=\u00bbfoto-02&#8243; _builder_version=\u00bb4.4.8&#8243; global_colors_info=\u00bb{}\u00bb][\/et_pb_image][\/et_pb_column_inner][et_pb_column_inner type=\u00bb1_2&#8243; saved_specialty_column_type=\u00bb3_4&#8243; _builder_version=\u00bb4.4.8&#8243; global_colors_info=\u00bb{}\u00bb][\/et_pb_column_inner][\/et_pb_row_inner][\/et_pb_column][\/et_pb_section]<\/p>\n","protected":false},"excerpt":{"rendered":"<p>INSTALACI\u00d3N VERTICAL PROYECTOS QOC DN Presi\u00f3n de dise\u00f1o 16&#8243;\/900 &#8211; 120 barg Instalaci\u00f3n finalArgelia Ref. del proyectoTrampas de lanzamiento y recepci\u00f3n<\/p>\n","protected":false},"author":1,"featured_media":0,"parent":0,"menu_order":0,"comment_status":"closed","ping_status":"closed","template":"","meta":{"_et_pb_use_builder":"on","_et_pb_old_content":"","_et_gb_content_width":"","footnotes":""},"class_list":["post-270782","page","type-page","status-publish","hentry"],"yoast_head":"<!-- This site is optimized with the Yoast SEO plugin v27.5 - https:\/\/yoast.com\/product\/yoast-seo-wordpress\/ -->\n<title>QOC DN - 16&quot;\/900 - 120 barg - Soluciones QOC<\/title>\n<meta name=\"description\" content=\"QOC Solutions ha desarrollado un cierre r\u00e1pido sectorial personalizado con especificaciones t\u00e9cnicas DN - 16&quot;\/900 - 120 barg.\" \/>\n<meta name=\"robots\" content=\"index, follow, max-snippet:-1, max-image-preview:large, max-video-preview:-1\" \/>\n<link rel=\"canonical\" href=\"https:\/\/www.qocsolutions.com\/es\/16-900-120-barg\/\" \/>\n<meta property=\"og:locale\" content=\"es_ES\" \/>\n<meta property=\"og:type\" content=\"article\" \/>\n<meta property=\"og:title\" content=\"QOC DN - 16&quot;\/900 - 120 barg - Soluciones QOC\" \/>\n<meta property=\"og:description\" content=\"QOC Solutions ha desarrollado un cierre r\u00e1pido sectorial personalizado con especificaciones t\u00e9cnicas DN - 16&quot;\/900 - 120 barg.\" \/>\n<meta property=\"og:url\" content=\"https:\/\/www.qocsolutions.com\/es\/16-900-120-barg\/\" \/>\n<meta property=\"og:site_name\" content=\"qoc\" \/>\n<meta property=\"article:modified_time\" content=\"2026-04-02T09:13:36+00:00\" \/>\n<meta name=\"twitter:card\" content=\"summary_large_image\" \/>\n<meta name=\"twitter:label1\" content=\"Tiempo de lectura\" \/>\n\t<meta name=\"twitter:data1\" content=\"3 minutos\" \/>\n<script type=\"application\/ld+json\" class=\"yoast-schema-graph\">{\"@context\":\"https:\\\/\\\/schema.org\",\"@graph\":[{\"@type\":\"WebPage\",\"@id\":\"https:\\\/\\\/www.qocsolutions.com\\\/es\\\/16-900-120-barg\\\/\",\"url\":\"https:\\\/\\\/www.qocsolutions.com\\\/es\\\/16-900-120-barg\\\/\",\"name\":\"QOC DN - 16\\\"\\\/900 - 120 barg - Soluciones QOC\",\"isPartOf\":{\"@id\":\"https:\\\/\\\/www.qocsolutions.com\\\/es\\\/#website\"},\"datePublished\":\"2026-03-03T09:02:34+00:00\",\"dateModified\":\"2026-04-02T09:13:36+00:00\",\"description\":\"QOC Solutions ha desarrollado un cierre r\u00e1pido sectorial personalizado con especificaciones t\u00e9cnicas DN - 16\\\"\\\/900 - 120 barg.\",\"breadcrumb\":{\"@id\":\"https:\\\/\\\/www.qocsolutions.com\\\/es\\\/16-900-120-barg\\\/#breadcrumb\"},\"inLanguage\":\"es\",\"potentialAction\":[{\"@type\":\"ReadAction\",\"target\":[\"https:\\\/\\\/www.qocsolutions.com\\\/es\\\/16-900-120-barg\\\/\"]}]},{\"@type\":\"BreadcrumbList\",\"@id\":\"https:\\\/\\\/www.qocsolutions.com\\\/es\\\/16-900-120-barg\\\/#breadcrumb\",\"itemListElement\":[{\"@type\":\"ListItem\",\"position\":1,\"name\":\"Home\",\"item\":\"https:\\\/\\\/www.qocsolutions.com\\\/es\\\/\"},{\"@type\":\"ListItem\",\"position\":2,\"name\":\"16&#8243;\\\/900 &#8211; 120 barg\"}]},{\"@type\":\"WebSite\",\"@id\":\"https:\\\/\\\/www.qocsolutions.com\\\/es\\\/#website\",\"url\":\"https:\\\/\\\/www.qocsolutions.com\\\/es\\\/\",\"name\":\"qoc\",\"description\":\"\",\"potentialAction\":[{\"@type\":\"SearchAction\",\"target\":{\"@type\":\"EntryPoint\",\"urlTemplate\":\"https:\\\/\\\/www.qocsolutions.com\\\/es\\\/?s={search_term_string}\"},\"query-input\":{\"@type\":\"PropertyValueSpecification\",\"valueRequired\":true,\"valueName\":\"search_term_string\"}}],\"inLanguage\":\"es\"}]}<\/script>\n<!-- \/ Yoast SEO plugin. -->","yoast_head_json":{"title":"QOC DN - 16\"\/900 - 120 barg - Soluciones QOC","description":"QOC Solutions ha desarrollado un cierre r\u00e1pido sectorial personalizado con especificaciones t\u00e9cnicas DN - 16\"\/900 - 120 barg.","robots":{"index":"index","follow":"follow","max-snippet":"max-snippet:-1","max-image-preview":"max-image-preview:large","max-video-preview":"max-video-preview:-1"},"canonical":"https:\/\/www.qocsolutions.com\/es\/16-900-120-barg\/","og_locale":"es_ES","og_type":"article","og_title":"QOC DN - 16\"\/900 - 120 barg - Soluciones QOC","og_description":"QOC Solutions ha desarrollado un cierre r\u00e1pido sectorial personalizado con especificaciones t\u00e9cnicas DN - 16\"\/900 - 120 barg.","og_url":"https:\/\/www.qocsolutions.com\/es\/16-900-120-barg\/","og_site_name":"qoc","article_modified_time":"2026-04-02T09:13:36+00:00","twitter_card":"summary_large_image","twitter_misc":{"Tiempo de lectura":"3 minutos"},"schema":{"@context":"https:\/\/schema.org","@graph":[{"@type":"WebPage","@id":"https:\/\/www.qocsolutions.com\/es\/16-900-120-barg\/","url":"https:\/\/www.qocsolutions.com\/es\/16-900-120-barg\/","name":"QOC DN - 16\"\/900 - 120 barg - Soluciones QOC","isPartOf":{"@id":"https:\/\/www.qocsolutions.com\/es\/#website"},"datePublished":"2026-03-03T09:02:34+00:00","dateModified":"2026-04-02T09:13:36+00:00","description":"QOC Solutions ha desarrollado un cierre r\u00e1pido sectorial personalizado con especificaciones t\u00e9cnicas DN - 16\"\/900 - 120 barg.","breadcrumb":{"@id":"https:\/\/www.qocsolutions.com\/es\/16-900-120-barg\/#breadcrumb"},"inLanguage":"es","potentialAction":[{"@type":"ReadAction","target":["https:\/\/www.qocsolutions.com\/es\/16-900-120-barg\/"]}]},{"@type":"BreadcrumbList","@id":"https:\/\/www.qocsolutions.com\/es\/16-900-120-barg\/#breadcrumb","itemListElement":[{"@type":"ListItem","position":1,"name":"Home","item":"https:\/\/www.qocsolutions.com\/es\/"},{"@type":"ListItem","position":2,"name":"16&#8243;\/900 &#8211; 120 barg"}]},{"@type":"WebSite","@id":"https:\/\/www.qocsolutions.com\/es\/#website","url":"https:\/\/www.qocsolutions.com\/es\/","name":"qoc","description":"","potentialAction":[{"@type":"SearchAction","target":{"@type":"EntryPoint","urlTemplate":"https:\/\/www.qocsolutions.com\/es\/?s={search_term_string}"},"query-input":{"@type":"PropertyValueSpecification","valueRequired":true,"valueName":"search_term_string"}}],"inLanguage":"es"}]}},"_links":{"self":[{"href":"https:\/\/www.qocsolutions.com\/es\/wp-json\/wp\/v2\/pages\/270782","targetHints":{"allow":["GET"]}}],"collection":[{"href":"https:\/\/www.qocsolutions.com\/es\/wp-json\/wp\/v2\/pages"}],"about":[{"href":"https:\/\/www.qocsolutions.com\/es\/wp-json\/wp\/v2\/types\/page"}],"author":[{"embeddable":true,"href":"https:\/\/www.qocsolutions.com\/es\/wp-json\/wp\/v2\/users\/1"}],"replies":[{"embeddable":true,"href":"https:\/\/www.qocsolutions.com\/es\/wp-json\/wp\/v2\/comments?post=270782"}],"version-history":[{"count":1,"href":"https:\/\/www.qocsolutions.com\/es\/wp-json\/wp\/v2\/pages\/270782\/revisions"}],"predecessor-version":[{"id":271177,"href":"https:\/\/www.qocsolutions.com\/es\/wp-json\/wp\/v2\/pages\/270782\/revisions\/271177"}],"wp:attachment":[{"href":"https:\/\/www.qocsolutions.com\/es\/wp-json\/wp\/v2\/media?parent=270782"}],"curies":[{"name":"wp","href":"https:\/\/api.w.org\/{rel}","templated":true}]}}