{"id":270821,"date":"2026-03-03T10:07:28","date_gmt":"2026-03-03T09:07:28","guid":{"rendered":"https:\/\/www.qocsolutions.com\/calidad\/"},"modified":"2026-04-02T11:15:02","modified_gmt":"2026-04-02T09:15:02","slug":"calidad","status":"publish","type":"page","link":"https:\/\/www.qocsolutions.com\/es\/calidad\/","title":{"rendered":"calidad"},"content":{"rendered":"<p>[et_pb_section fb_built=\u00bb1&#8243; _builder_version=\u00bb4.4.8&#8243; custom_padding=\u00bb0px||0px|||\u00bb][et_pb_row _builder_version=\u00bb4.4.8&#8243; width=\u00bb100%\u00bb max_width=\u00bb2024px\u00bb custom_padding=\u00bb0px||0px|||\u00bb][et_pb_column type=\u00bb4_4&#8243; _builder_version=\u00bb4.4.8&#8243;][et_pb_slider _builder_version=\u00bb4.4.8&#8243; custom_padding=\u00bb180px||180px||true|\u00bb auto=\u00bbon\u00bb auto_speed=\u00bb5000&#8243;][et_pb_slide heading=\u00bbCALIDAD Y CERTIFICACIONES\u00bb _builder_version=\u00bb4.4.8&#8243; header_font=\u00bbMontserrat|700||on|||||\u00bb header_text_align=\u00bbright\u00bb header_font_size=\u00bb52px\u00bb body_font=\u00bbMontserrat|600|||||||\u00bb body_text_align=\u00bbright\u00bb body_font_size=\u00bb18px\u00bb background_color=\u00bbrgba(0,0,0,0.24)\u00bb background_enable_color=\u00bbon\u00bb background_image=\u00bbhttps:\/\/qocsolutions.com\/wp-content\/uploads\/2020\/09\/Risorsa-8.png\u00bb background_enable_image=\u00bbon\u00bb background_blend=\u00bbmultiply\u00bb sticky_transition=\u00bbon\u00bb]<\/p>\n<p>[\/et_pb_slide][\/et_pb_slider][\/et_pb_column][\/et_pb_row][\/et_pb_section][et_pb_section fb_built=\u00bb1&#8243; _builder_version=\u00bb4.4.8&#8243; custom_padding=\u00bb22px||38px|||\u00bb][et_pb_row column_structure=\u00bb1_4,3_4&#8243; make_equal=\u00bbon\u00bb _builder_version=\u00bb4.4.8&#8243; width=\u00bb72%\u00bb max_width=\u00bb1152px\u00bb module_alignment=\u00bbcenter\u00bb][et_pb_column type=\u00bb1_4&#8243; _builder_version=\u00bb4.4.8&#8243;][et_pb_text disabled_on=\u00bbon|on|off\u00bb _builder_version=\u00bb4.4.8&#8243; text_font=\u00bbOpen Sans||||||||\u00bb text_text_color=\u00bb#000000&#8243; link_font=\u00bbOpen Sans||||||||solid\u00bb link_text_color=\u00bb#0c71c3&#8243; custom_margin=\u00bb||15px|||\u00bb link_option_url=\u00bbqocsolutions.com\u00bb border_color_right=\u00bb#adadad\u00bb border_color_bottom=\u00bb#afafaf\u00bb global_module=\u00bb268789&#8243;]<\/p>\n<p style=\"text-align: left;\"><a href=\"https:\/\/qocsolutions.com\">Inicio<\/a><\/p>\n<hr \/>\n<p>&nbsp;<\/p>\n<p style=\"text-align: left;\"><a href=\"https:\/\/qocsolutions.com\/chi-siamo\">Sobre nosotros<\/a><\/p>\n<hr \/>\n<p>&nbsp;<\/p>\n<p style=\"text-align: left;\"><a href=\"https:\/\/qocsolutions.com\/gruppo\">El grupo<\/a><\/p>\n<hr \/>\n<p>&nbsp;<\/p>\n<p style=\"text-align: left;\"><a href=\"https:\/\/qocsolutions.com\/mission\">Misi\u00f3n<\/a><\/p>\n<hr \/>\n<p>&nbsp;<\/p>\n<p><a href=\"https:\/\/qocsolutions.com\/qualita\">Calidad<\/a><\/p>\n<hr \/>\n<p>&nbsp;<\/p>\n<p><a href=\"https:\/\/qocsolutions.com\/chiusura-rapida-a-denti\/\">Productos<\/a><\/p>\n<p>[\/et_pb_text][\/et_pb_column][et_pb_column type=\u00bb3_4&#8243; _builder_version=\u00bb4.4.8&#8243;][et_pb_text _builder_version=\u00bb4.4.8&#8243; header_font=\u00bbOpen Sans|600||on|||||\u00bb header_text_color=\u00bb#000000&#8243; header_font_size=\u00bb25px\u00bb custom_margin=\u00bb||0px|||\u00bb]<\/p>\n<h1 style=\"text-align: left;\">calidad y certificaciones<\/h1>\n<p>[\/et_pb_text][et_pb_text _builder_version=\u00bb4.4.8&#8243; text_font=\u00bbOpen Sans||||||||\u00bb text_text_color=\u00bb#000000&#8243; text_font_size=\u00bb15px\u00bb text_line_height=\u00bb28px\u00bb ul_font=\u00bbOpen Sans||||||||\u00bb header_font=\u00bbOpen Sans|700||on|||||\u00bb]<\/p>\n<p>Todos los<b> materiales <\/b>utilizados est\u00e1n <b>certificados <\/b>seg\u00fan la norma EN 10204 3.1 \/ 3.2 \/2.2 (seg\u00fan se requiera) y est\u00e1n <b>sujetos a estrictos controles de calidad<\/b>, como la cualificaci\u00f3n PT-VT-MT-UT SNT TC 1A EN-473.<\/p>\n<p>Los ensayos no destructivos MT-PT-UT los realiza directamente nuestro personal interno cualificado, y las inspecciones de las soldaduras las realizan nuestros inspectores de soldadura asociados.<\/p>\n<p>[\/et_pb_text][et_pb_text _builder_version=\u00bb4.4.8&#8243; header_font=\u00bbOpen Sans|600||on|||||\u00bb header_text_color=\u00bb#000000&#8243; header_font_size=\u00bb25px\u00bb custom_margin=\u00bb||0px|||\u00bb]<\/p>\n<h1 style=\"text-align: left;\">garant\u00edas de las soluciones qoc<\/h1>\n<p>[\/et_pb_text][et_pb_text _builder_version=\u00bb4.4.8&#8243; text_font=\u00bbOpen Sans||||||||\u00bb text_text_color=\u00bb#000000&#8243; text_font_size=\u00bb15px\u00bb text_line_height=\u00bb28px\u00bb header_font=\u00bbOpen Sans|700||on|||||\u00bb]<\/p>\n<p class=\"p1\">QOC Solutions realiza <b>pruebas funcionales<\/b> en todos sus productos y tambi\u00e9n realiza <b>pruebas hidr\u00e1ulicas de muestra<\/b> por tama\u00f1o y gama de productos. Nuestros cierres r\u00e1pidos se dise\u00f1an y fabrican de acuerdo con la normativa pertinente del dispositivo (p. ej: C\u00f3digo Asme VIII Div. 1, Div. 2, Directiva 2014\/68\/CE (PED), etc.) y se verifican mediante el software de c\u00e1lculo m\u00e1s moderno.<\/p>\n<p class=\"p1\">Adem\u00e1s,<b> todos los productos pueden ser<\/b> certificados<b> Asme U-Stamp y U2-Stamp<\/b> con la emisi\u00f3n de un Informe Parcial de Datos certificado por el Inspector Asme o certificados seg\u00fan la Directiva de Equipos a Presi\u00f3n 2014\/68\/UE (PED) con la emisi\u00f3n de un expediente t\u00e9cnico.<\/p>\n<p>[\/et_pb_text][\/et_pb_column][\/et_pb_row][\/et_pb_section]<\/p>\n","protected":false},"excerpt":{"rendered":"<p>Inicio &nbsp; Sobre nosotros &nbsp; El grupo &nbsp; Misi\u00f3n &nbsp; Calidad &nbsp; Productos calidad y certificaciones Todos los materiales utilizados est\u00e1n certificados seg\u00fan la norma EN 10204 3.1 \/ 3.2 \/2.2 (seg\u00fan se requiera) y est\u00e1n sujetos a estrictos controles de calidad, como la cualificaci\u00f3n PT-VT-MT-UT SNT TC 1A EN-473. Los ensayos no destructivos MT-PT-UT [&hellip;]<\/p>\n","protected":false},"author":1,"featured_media":0,"parent":0,"menu_order":0,"comment_status":"closed","ping_status":"closed","template":"","meta":{"_et_pb_use_builder":"on","_et_pb_old_content":"","_et_gb_content_width":"","footnotes":""},"class_list":["post-270821","page","type-page","status-publish","hentry"],"yoast_head":"<!-- This site is optimized with the Yoast SEO plugin v27.5 - https:\/\/yoast.com\/product\/yoast-seo-wordpress\/ -->\n<title>QOC Solutions: Calidad en cierres r\u00e1pidos<\/title>\n<meta name=\"description\" content=\"Materiales certificados, rigurosos controles de calidad, pruebas funcionales y la posibilidad de certificar todos los productos Asme U-Stamp y U2-Stamp garantizan la calidad de los cierres r\u00e1pidos de QOC Solutions. Con sede en Vaprio d&#039;Agogna, provincia de Novara.\" \/>\n<meta name=\"robots\" content=\"index, follow, max-snippet:-1, max-image-preview:large, max-video-preview:-1\" \/>\n<link rel=\"canonical\" href=\"https:\/\/www.qocsolutions.com\/es\/calidad\/\" \/>\n<meta property=\"og:locale\" content=\"es_ES\" \/>\n<meta property=\"og:type\" content=\"article\" \/>\n<meta property=\"og:title\" content=\"QOC Solutions: Calidad en cierres r\u00e1pidos\" \/>\n<meta property=\"og:description\" content=\"Materiales certificados, rigurosos controles de calidad, pruebas funcionales y la posibilidad de certificar todos los productos Asme U-Stamp y U2-Stamp garantizan la calidad de los cierres r\u00e1pidos de QOC Solutions. Con sede en Vaprio d&#039;Agogna, provincia de Novara.\" \/>\n<meta property=\"og:url\" content=\"https:\/\/www.qocsolutions.com\/es\/calidad\/\" \/>\n<meta property=\"og:site_name\" content=\"qoc\" \/>\n<meta property=\"article:modified_time\" content=\"2026-04-02T09:15:02+00:00\" \/>\n<meta name=\"twitter:card\" content=\"summary_large_image\" \/>\n<meta name=\"twitter:label1\" content=\"Tiempo de lectura\" \/>\n\t<meta name=\"twitter:data1\" content=\"3 minutos\" \/>\n<script type=\"application\/ld+json\" class=\"yoast-schema-graph\">{\"@context\":\"https:\\\/\\\/schema.org\",\"@graph\":[{\"@type\":\"WebPage\",\"@id\":\"https:\\\/\\\/www.qocsolutions.com\\\/es\\\/calidad\\\/\",\"url\":\"https:\\\/\\\/www.qocsolutions.com\\\/es\\\/calidad\\\/\",\"name\":\"QOC Solutions: Calidad en cierres r\u00e1pidos\",\"isPartOf\":{\"@id\":\"https:\\\/\\\/www.qocsolutions.com\\\/es\\\/#website\"},\"datePublished\":\"2026-03-03T09:07:28+00:00\",\"dateModified\":\"2026-04-02T09:15:02+00:00\",\"description\":\"Materiales certificados, rigurosos controles de calidad, pruebas funcionales y la posibilidad de certificar todos los productos Asme U-Stamp y U2-Stamp garantizan la calidad de los cierres r\u00e1pidos de QOC Solutions. Con sede en Vaprio d'Agogna, provincia de Novara.\",\"breadcrumb\":{\"@id\":\"https:\\\/\\\/www.qocsolutions.com\\\/es\\\/calidad\\\/#breadcrumb\"},\"inLanguage\":\"es\",\"potentialAction\":[{\"@type\":\"ReadAction\",\"target\":[\"https:\\\/\\\/www.qocsolutions.com\\\/es\\\/calidad\\\/\"]}]},{\"@type\":\"BreadcrumbList\",\"@id\":\"https:\\\/\\\/www.qocsolutions.com\\\/es\\\/calidad\\\/#breadcrumb\",\"itemListElement\":[{\"@type\":\"ListItem\",\"position\":1,\"name\":\"Home\",\"item\":\"https:\\\/\\\/www.qocsolutions.com\\\/es\\\/\"},{\"@type\":\"ListItem\",\"position\":2,\"name\":\"calidad\"}]},{\"@type\":\"WebSite\",\"@id\":\"https:\\\/\\\/www.qocsolutions.com\\\/es\\\/#website\",\"url\":\"https:\\\/\\\/www.qocsolutions.com\\\/es\\\/\",\"name\":\"qoc\",\"description\":\"\",\"potentialAction\":[{\"@type\":\"SearchAction\",\"target\":{\"@type\":\"EntryPoint\",\"urlTemplate\":\"https:\\\/\\\/www.qocsolutions.com\\\/es\\\/?s={search_term_string}\"},\"query-input\":{\"@type\":\"PropertyValueSpecification\",\"valueRequired\":true,\"valueName\":\"search_term_string\"}}],\"inLanguage\":\"es\"}]}<\/script>\n<!-- \/ Yoast SEO plugin. -->","yoast_head_json":{"title":"QOC Solutions: Calidad en cierres r\u00e1pidos","description":"Materiales certificados, rigurosos controles de calidad, pruebas funcionales y la posibilidad de certificar todos los productos Asme U-Stamp y U2-Stamp garantizan la calidad de los cierres r\u00e1pidos de QOC Solutions. Con sede en Vaprio d'Agogna, provincia de Novara.","robots":{"index":"index","follow":"follow","max-snippet":"max-snippet:-1","max-image-preview":"max-image-preview:large","max-video-preview":"max-video-preview:-1"},"canonical":"https:\/\/www.qocsolutions.com\/es\/calidad\/","og_locale":"es_ES","og_type":"article","og_title":"QOC Solutions: Calidad en cierres r\u00e1pidos","og_description":"Materiales certificados, rigurosos controles de calidad, pruebas funcionales y la posibilidad de certificar todos los productos Asme U-Stamp y U2-Stamp garantizan la calidad de los cierres r\u00e1pidos de QOC Solutions. Con sede en Vaprio d'Agogna, provincia de Novara.","og_url":"https:\/\/www.qocsolutions.com\/es\/calidad\/","og_site_name":"qoc","article_modified_time":"2026-04-02T09:15:02+00:00","twitter_card":"summary_large_image","twitter_misc":{"Tiempo de lectura":"3 minutos"},"schema":{"@context":"https:\/\/schema.org","@graph":[{"@type":"WebPage","@id":"https:\/\/www.qocsolutions.com\/es\/calidad\/","url":"https:\/\/www.qocsolutions.com\/es\/calidad\/","name":"QOC Solutions: Calidad en cierres r\u00e1pidos","isPartOf":{"@id":"https:\/\/www.qocsolutions.com\/es\/#website"},"datePublished":"2026-03-03T09:07:28+00:00","dateModified":"2026-04-02T09:15:02+00:00","description":"Materiales certificados, rigurosos controles de calidad, pruebas funcionales y la posibilidad de certificar todos los productos Asme U-Stamp y U2-Stamp garantizan la calidad de los cierres r\u00e1pidos de QOC Solutions. Con sede en Vaprio d'Agogna, provincia de Novara.","breadcrumb":{"@id":"https:\/\/www.qocsolutions.com\/es\/calidad\/#breadcrumb"},"inLanguage":"es","potentialAction":[{"@type":"ReadAction","target":["https:\/\/www.qocsolutions.com\/es\/calidad\/"]}]},{"@type":"BreadcrumbList","@id":"https:\/\/www.qocsolutions.com\/es\/calidad\/#breadcrumb","itemListElement":[{"@type":"ListItem","position":1,"name":"Home","item":"https:\/\/www.qocsolutions.com\/es\/"},{"@type":"ListItem","position":2,"name":"calidad"}]},{"@type":"WebSite","@id":"https:\/\/www.qocsolutions.com\/es\/#website","url":"https:\/\/www.qocsolutions.com\/es\/","name":"qoc","description":"","potentialAction":[{"@type":"SearchAction","target":{"@type":"EntryPoint","urlTemplate":"https:\/\/www.qocsolutions.com\/es\/?s={search_term_string}"},"query-input":{"@type":"PropertyValueSpecification","valueRequired":true,"valueName":"search_term_string"}}],"inLanguage":"es"}]}},"_links":{"self":[{"href":"https:\/\/www.qocsolutions.com\/es\/wp-json\/wp\/v2\/pages\/270821","targetHints":{"allow":["GET"]}}],"collection":[{"href":"https:\/\/www.qocsolutions.com\/es\/wp-json\/wp\/v2\/pages"}],"about":[{"href":"https:\/\/www.qocsolutions.com\/es\/wp-json\/wp\/v2\/types\/page"}],"author":[{"embeddable":true,"href":"https:\/\/www.qocsolutions.com\/es\/wp-json\/wp\/v2\/users\/1"}],"replies":[{"embeddable":true,"href":"https:\/\/www.qocsolutions.com\/es\/wp-json\/wp\/v2\/comments?post=270821"}],"version-history":[{"count":1,"href":"https:\/\/www.qocsolutions.com\/es\/wp-json\/wp\/v2\/pages\/270821\/revisions"}],"predecessor-version":[{"id":271179,"href":"https:\/\/www.qocsolutions.com\/es\/wp-json\/wp\/v2\/pages\/270821\/revisions\/271179"}],"wp:attachment":[{"href":"https:\/\/www.qocsolutions.com\/es\/wp-json\/wp\/v2\/media?parent=270821"}],"curies":[{"name":"wp","href":"https:\/\/api.w.org\/{rel}","templated":true}]}}