{"id":270823,"date":"2026-03-03T10:07:28","date_gmt":"2026-03-03T09:07:28","guid":{"rendered":"https:\/\/www.qocsolutions.com\/sobre-nosotros\/"},"modified":"2026-04-02T10:24:18","modified_gmt":"2026-04-02T08:24:18","slug":"sobre-nosotros","status":"publish","type":"page","link":"https:\/\/www.qocsolutions.com\/es\/sobre-nosotros\/","title":{"rendered":"Sobre nosotros"},"content":{"rendered":"<p>[et_pb_section fb_built=\u00bb1&#8243; _builder_version=\u00bb4.4.8&#8243; custom_padding=\u00bb0px||0px|||\u00bb global_colors_info=\u00bb{}\u00bb][et_pb_row _builder_version=\u00bb4.4.8&#8243; width=\u00bb100%\u00bb max_width=\u00bb2024px\u00bb custom_padding=\u00bb0px||0px|||\u00bb global_colors_info=\u00bb{}\u00bb][et_pb_column type=\u00bb4_4&#8243; _builder_version=\u00bb4.4.8&#8243; global_colors_info=\u00bb{}\u00bb][et_pb_slider _builder_version=\u00bb4.4.8&#8243; custom_padding=\u00bb180px||180px||true|\u00bb auto=\u00bbon\u00bb auto_speed=\u00bb5000&#8243; global_colors_info=\u00bb{}\u00bb][et_pb_slide heading=\u00bbQUI\u00c9NES SOMOS\u00bb _builder_version=\u00bb4.4.8&#8243; header_font=\u00bbMontserrat|700|||||||\u00bb header_text_align=\u00bbright\u00bb header_font_size=\u00bb52px\u00bb body_font=\u00bbMontserrat|600|||||||\u00bb body_text_align=\u00bbright\u00bb body_font_size=\u00bb18px\u00bb background_color=\u00bbrgba(0,0,0,0.24)\u00bb background_enable_color=\u00bbon\u00bb background_image=\u00bbhttps:\/\/qocsolutions.com\/wp-content\/uploads\/2021\/02\/IMG_0462-scaled.jpg\u00bb background_enable_image=\u00bbon\u00bb background_blend=\u00bbmultiply\u00bb global_colors_info=\u00bb{}\u00bb sticky_transition=\u00bbon\u00bb]<\/p>\n<p>Empresa<\/p>\n<p>[\/et_pb_slide][\/et_pb_slider][\/et_pb_column][\/et_pb_row][\/et_pb_section][et_pb_section fb_built=\u00bb1&#8243; _builder_version=\u00bb4.4.8&#8243; custom_padding=\u00bb22px||38px|||\u00bb global_colors_info=\u00bb{}\u00bb][et_pb_row column_structure=\u00bb1_4,3_4&#8243; make_equal=\u00bbon\u00bb _builder_version=\u00bb4.4.8&#8243; width=\u00bb72%\u00bb max_width=\u00bb1152px\u00bb module_alignment=\u00bbcenter\u00bb global_colors_info=\u00bb{}\u00bb][et_pb_column type=\u00bb1_4&#8243; _builder_version=\u00bb4.4.8&#8243; global_colors_info=\u00bb{}\u00bb][et_pb_text _builder_version=\u00bb4.9.0&#8243; text_font=\u00bbOpen Sans||||||||\u00bb text_text_color=\u00bb#000000&#8243; link_font=\u00bbOpen Sans||||||||solid\u00bb link_text_color=\u00bb#0c71c3&#8243; custom_margin=\u00bb||15px|||\u00bb link_option_url=\u00bbqocsolutions.com\u00bb border_color_right=\u00bb#adadad\u00bb border_color_bottom=\u00bb#afafaf\u00bb global_module=\u00bb268789&#8243; global_colors_info=\u00bb{}\u00bb]<\/p>\n<p style=\"text-align: left;\"><a href=\"https:\/\/qocsolutions.com\">Inicio<\/a><\/p>\n<hr \/>\n<p>&nbsp;<\/p>\n<p style=\"text-align: left;\"><a href=\"https:\/\/qocsolutions.com\/chi-siamo\">Sobre nosotros<\/a><\/p>\n<hr \/>\n<p>&nbsp;<\/p>\n<p style=\"text-align: left;\"><a href=\"https:\/\/qocsolutions.com\/gruppo\">El grupo<\/a><\/p>\n<hr \/>\n<p>&nbsp;<\/p>\n<p style=\"text-align: left;\"><a href=\"https:\/\/qocsolutions.com\/mission\">Misi\u00f3n<\/a><\/p>\n<hr \/>\n<p>&nbsp;<\/p>\n<p><a href=\"https:\/\/qocsolutions.com\/qualita\">Calidad<\/a><\/p>\n<hr \/>\n<p>&nbsp;<\/p>\n<p><a href=\"https:\/\/qocsolutions.com\/prodotti\">Productos<\/a><\/p>\n<p>[\/et_pb_text][\/et_pb_column][et_pb_column type=\u00bb3_4&#8243; _builder_version=\u00bb4.4.8&#8243; global_colors_info=\u00bb{}\u00bb][et_pb_text _builder_version=\u00bb4.4.8&#8243; header_font=\u00bbOpen Sans|600||on|||||\u00bb header_text_color=\u00bb#000000&#8243; header_font_size=\u00bb25px\u00bb custom_margin=\u00bb||0px|||\u00bb global_colors_info=\u00bb{}\u00bb]<\/p>\n<h1 style=\"text-align: left;\">el mundo de las cerraduras r\u00e1pidas QOC Solutions<\/h1>\n<p>[\/et_pb_text][et_pb_text _builder_version=\u00bb4.4.8&#8243; text_font=\u00bbOpen Sans||||||||\u00bb text_text_color=\u00bb#000000&#8243; text_font_size=\u00bb15px\u00bb text_line_height=\u00bb28px\u00bb header_font=\u00bbOpen Sans|700||on|||||\u00bb global_colors_info=\u00bb{}\u00bb]<\/p>\n<p><strong>QOC Solutions es una empresa que dise\u00f1a, fabrica y vende fijaciones industriales para empresas que operan en muchos sectores diferentes.<\/strong> El equipo al frente de la empresa est\u00e1 formado por ingenieros y especialistas t\u00e9cnicos que llevan m\u00e1s de 20 a\u00f1os trabajando en el campo de los QOC.<\/p>\n<p class=\"p1\">El equipo tiene un objetivo com\u00fan: proporcionar a los clientes aperturas y cierres r\u00e1pidos personalizados que garanticen un acceso r\u00e1pido y seguro a cualquier tipo de equipo, presurizado o no, con el que tenga que tratar el cliente.<\/p>\n<p class=\"p1\">Adem\u00e1s del desarrollo de productos, QOC Solutions tambi\u00e9n ofrece asesoramiento y asistencia t\u00e9cnica a empresas l\u00edderes nacionales e internacionales que trabajan en los sectores alimentario, manufacturero, qu\u00edmico, petroqu\u00edmico, de investigaci\u00f3n y del petr\u00f3leo y el gas.<\/p>\n<p>[\/et_pb_text][et_pb_text _builder_version=\u00bb4.4.8&#8243; header_font=\u00bbOpen Sans|600||on|||||\u00bb header_text_color=\u00bb#000000&#8243; header_font_size=\u00bb25px\u00bb custom_margin=\u00bb||0px|||\u00bb global_colors_info=\u00bb{}\u00bb]<\/p>\n<h1 style=\"text-align: left;\">el mundo de las cerraduras r\u00e1pidas QOC Solutions<\/h1>\n<p>[\/et_pb_text][et_pb_text _builder_version=\u00bb4.4.8&#8243; text_font=\u00bbOpen Sans||||||||\u00bb text_text_color=\u00bb#000000&#8243; text_font_size=\u00bb15px\u00bb text_line_height=\u00bb28px\u00bb header_font=\u00bbOpen Sans|700||on|||||\u00bb global_colors_info=\u00bb{}\u00bb]<\/p>\n<p>QOC Solutions trabaja cada d\u00eda para crear productos que est\u00e9n siempre a la vanguardia, combinando aspectos tan importantes como la seguridad y la mejor tecnolog\u00eda disponible. La investigaci\u00f3n y el desarrollo constantes nos permiten innovar regularmente nuestras propuestas, garantizando a los clientes la compra e instalaci\u00f3n de los mejores productos. Esta b\u00fasqueda continua de nuevas soluciones hace de QOC Solutions una empresa flexible y vers\u00e1til, capaz de adaptar sus soluciones a cada necesidad del cliente.<\/p>\n<p>[\/et_pb_text][et_pb_text _builder_version=\u00bb4.4.8&#8243; header_font=\u00bbOpen Sans|600||on|||||\u00bb header_text_color=\u00bb#000000&#8243; header_font_size=\u00bb25px\u00bb custom_margin=\u00bb||0px|||\u00bb global_colors_info=\u00bb{}\u00bb]<\/p>\n<h1 style=\"text-align: left;\">10 buenas razones para elegir nuestros cierres r\u00e1pidos<\/h1>\n<p>[\/et_pb_text][et_pb_text _builder_version=\u00bb4.4.8&#8243; text_font=\u00bbOpen Sans||||||||\u00bb text_text_color=\u00bb#000000&#8243; text_font_size=\u00bb15px\u00bb text_line_height=\u00bb28px\u00bb header_font=\u00bbOpen Sans|700||on|||||\u00bb global_colors_info=\u00bb{}\u00bb]<\/p>\n<ul>\n<li>Sistema de seguridad con dispositivo de seguridad de advertencia<\/li>\n<li>visual y audible y posible descarga en una zona segura<\/li>\n<li>Junta labial para un sellado perfecto<\/li>\n<li>Dispositivo de apertura\/cierre de la tapa (bisagra\/palanca)<\/li>\n<li>Posibilidad de certificaci\u00f3n parcial Asme Stamp<\/li>\n<li>Prueba hidr\u00e1ulica de muestra certificada<\/li>\n<li>Posibilidad de manipulaci\u00f3n autom\u00e1tica<\/li>\n<li>Posibilidad de manipulaci\u00f3n hidr\u00e1ulica<\/li>\n<li>Libro de datos de la certificaci\u00f3n de calidad<\/li>\n<li>Garant\u00eda 24 meses tras la entrega<\/li>\n<li>Instalaci\u00f3n y servicio posventa<\/li>\n<\/ul>\n<p>[\/et_pb_text][\/et_pb_column][\/et_pb_row][\/et_pb_section]<\/p>\n","protected":false},"excerpt":{"rendered":"<p>Empresa Inicio &nbsp; Sobre nosotros &nbsp; El grupo &nbsp; Misi\u00f3n &nbsp; Calidad &nbsp; Productos el mundo de las cerraduras r\u00e1pidas QOC Solutions QOC Solutions es una empresa que dise\u00f1a, fabrica y vende fijaciones industriales para empresas que operan en muchos sectores diferentes. El equipo al frente de la empresa est\u00e1 formado por ingenieros y especialistas [&hellip;]<\/p>\n","protected":false},"author":1,"featured_media":0,"parent":0,"menu_order":0,"comment_status":"closed","ping_status":"closed","template":"","meta":{"_et_pb_use_builder":"on","_et_pb_old_content":"","_et_gb_content_width":"","footnotes":""},"class_list":["post-270823","page","type-page","status-publish","hentry"],"yoast_head":"<!-- This site is optimized with the Yoast SEO plugin v27.5 - https:\/\/yoast.com\/product\/yoast-seo-wordpress\/ -->\n<title>QOC Solutions: Cierres de apertura r\u00e1pida a medida para plantas industriales<\/title>\n<meta name=\"description\" content=\"QOC Solutions, de Novara (Italia), dise\u00f1a y fabrica cierres r\u00e1pidos personalizados para equipos y sistemas industriales con y sin presi\u00f3n.\" \/>\n<meta name=\"robots\" content=\"index, follow, max-snippet:-1, max-image-preview:large, max-video-preview:-1\" \/>\n<link rel=\"canonical\" href=\"https:\/\/www.qocsolutions.com\/es\/sobre-nosotros\/\" \/>\n<meta property=\"og:locale\" content=\"es_ES\" \/>\n<meta property=\"og:type\" content=\"article\" \/>\n<meta property=\"og:title\" content=\"QOC Solutions: Cierres de apertura r\u00e1pida a medida para plantas industriales\" \/>\n<meta property=\"og:description\" content=\"QOC Solutions, de Novara (Italia), dise\u00f1a y fabrica cierres r\u00e1pidos personalizados para equipos y sistemas industriales con y sin presi\u00f3n.\" \/>\n<meta property=\"og:url\" content=\"https:\/\/www.qocsolutions.com\/es\/sobre-nosotros\/\" \/>\n<meta property=\"og:site_name\" content=\"qoc\" \/>\n<meta property=\"article:modified_time\" content=\"2026-04-02T08:24:18+00:00\" \/>\n<meta name=\"twitter:card\" content=\"summary_large_image\" \/>\n<meta name=\"twitter:label1\" content=\"Tiempo de lectura\" \/>\n\t<meta name=\"twitter:data1\" content=\"4 minutos\" \/>\n<script type=\"application\/ld+json\" class=\"yoast-schema-graph\">{\"@context\":\"https:\\\/\\\/schema.org\",\"@graph\":[{\"@type\":\"WebPage\",\"@id\":\"https:\\\/\\\/www.qocsolutions.com\\\/es\\\/sobre-nosotros\\\/\",\"url\":\"https:\\\/\\\/www.qocsolutions.com\\\/es\\\/sobre-nosotros\\\/\",\"name\":\"QOC Solutions: Cierres de apertura r\u00e1pida a medida para plantas industriales\",\"isPartOf\":{\"@id\":\"https:\\\/\\\/www.qocsolutions.com\\\/es\\\/#website\"},\"datePublished\":\"2026-03-03T09:07:28+00:00\",\"dateModified\":\"2026-04-02T08:24:18+00:00\",\"description\":\"QOC Solutions, de Novara (Italia), dise\u00f1a y fabrica cierres r\u00e1pidos personalizados para equipos y sistemas industriales con y sin presi\u00f3n.\",\"breadcrumb\":{\"@id\":\"https:\\\/\\\/www.qocsolutions.com\\\/es\\\/sobre-nosotros\\\/#breadcrumb\"},\"inLanguage\":\"es\",\"potentialAction\":[{\"@type\":\"ReadAction\",\"target\":[\"https:\\\/\\\/www.qocsolutions.com\\\/es\\\/sobre-nosotros\\\/\"]}]},{\"@type\":\"BreadcrumbList\",\"@id\":\"https:\\\/\\\/www.qocsolutions.com\\\/es\\\/sobre-nosotros\\\/#breadcrumb\",\"itemListElement\":[{\"@type\":\"ListItem\",\"position\":1,\"name\":\"Home\",\"item\":\"https:\\\/\\\/www.qocsolutions.com\\\/es\\\/\"},{\"@type\":\"ListItem\",\"position\":2,\"name\":\"Sobre nosotros\"}]},{\"@type\":\"WebSite\",\"@id\":\"https:\\\/\\\/www.qocsolutions.com\\\/es\\\/#website\",\"url\":\"https:\\\/\\\/www.qocsolutions.com\\\/es\\\/\",\"name\":\"qoc\",\"description\":\"\",\"potentialAction\":[{\"@type\":\"SearchAction\",\"target\":{\"@type\":\"EntryPoint\",\"urlTemplate\":\"https:\\\/\\\/www.qocsolutions.com\\\/es\\\/?s={search_term_string}\"},\"query-input\":{\"@type\":\"PropertyValueSpecification\",\"valueRequired\":true,\"valueName\":\"search_term_string\"}}],\"inLanguage\":\"es\"}]}<\/script>\n<!-- \/ Yoast SEO plugin. -->","yoast_head_json":{"title":"QOC Solutions: Cierres de apertura r\u00e1pida a medida para plantas industriales","description":"QOC Solutions, de Novara (Italia), dise\u00f1a y fabrica cierres r\u00e1pidos personalizados para equipos y sistemas industriales con y sin presi\u00f3n.","robots":{"index":"index","follow":"follow","max-snippet":"max-snippet:-1","max-image-preview":"max-image-preview:large","max-video-preview":"max-video-preview:-1"},"canonical":"https:\/\/www.qocsolutions.com\/es\/sobre-nosotros\/","og_locale":"es_ES","og_type":"article","og_title":"QOC Solutions: Cierres de apertura r\u00e1pida a medida para plantas industriales","og_description":"QOC Solutions, de Novara (Italia), dise\u00f1a y fabrica cierres r\u00e1pidos personalizados para equipos y sistemas industriales con y sin presi\u00f3n.","og_url":"https:\/\/www.qocsolutions.com\/es\/sobre-nosotros\/","og_site_name":"qoc","article_modified_time":"2026-04-02T08:24:18+00:00","twitter_card":"summary_large_image","twitter_misc":{"Tiempo de lectura":"4 minutos"},"schema":{"@context":"https:\/\/schema.org","@graph":[{"@type":"WebPage","@id":"https:\/\/www.qocsolutions.com\/es\/sobre-nosotros\/","url":"https:\/\/www.qocsolutions.com\/es\/sobre-nosotros\/","name":"QOC Solutions: Cierres de apertura r\u00e1pida a medida para plantas industriales","isPartOf":{"@id":"https:\/\/www.qocsolutions.com\/es\/#website"},"datePublished":"2026-03-03T09:07:28+00:00","dateModified":"2026-04-02T08:24:18+00:00","description":"QOC Solutions, de Novara (Italia), dise\u00f1a y fabrica cierres r\u00e1pidos personalizados para equipos y sistemas industriales con y sin presi\u00f3n.","breadcrumb":{"@id":"https:\/\/www.qocsolutions.com\/es\/sobre-nosotros\/#breadcrumb"},"inLanguage":"es","potentialAction":[{"@type":"ReadAction","target":["https:\/\/www.qocsolutions.com\/es\/sobre-nosotros\/"]}]},{"@type":"BreadcrumbList","@id":"https:\/\/www.qocsolutions.com\/es\/sobre-nosotros\/#breadcrumb","itemListElement":[{"@type":"ListItem","position":1,"name":"Home","item":"https:\/\/www.qocsolutions.com\/es\/"},{"@type":"ListItem","position":2,"name":"Sobre nosotros"}]},{"@type":"WebSite","@id":"https:\/\/www.qocsolutions.com\/es\/#website","url":"https:\/\/www.qocsolutions.com\/es\/","name":"qoc","description":"","potentialAction":[{"@type":"SearchAction","target":{"@type":"EntryPoint","urlTemplate":"https:\/\/www.qocsolutions.com\/es\/?s={search_term_string}"},"query-input":{"@type":"PropertyValueSpecification","valueRequired":true,"valueName":"search_term_string"}}],"inLanguage":"es"}]}},"_links":{"self":[{"href":"https:\/\/www.qocsolutions.com\/es\/wp-json\/wp\/v2\/pages\/270823","targetHints":{"allow":["GET"]}}],"collection":[{"href":"https:\/\/www.qocsolutions.com\/es\/wp-json\/wp\/v2\/pages"}],"about":[{"href":"https:\/\/www.qocsolutions.com\/es\/wp-json\/wp\/v2\/types\/page"}],"author":[{"embeddable":true,"href":"https:\/\/www.qocsolutions.com\/es\/wp-json\/wp\/v2\/users\/1"}],"replies":[{"embeddable":true,"href":"https:\/\/www.qocsolutions.com\/es\/wp-json\/wp\/v2\/comments?post=270823"}],"version-history":[{"count":1,"href":"https:\/\/www.qocsolutions.com\/es\/wp-json\/wp\/v2\/pages\/270823\/revisions"}],"predecessor-version":[{"id":271158,"href":"https:\/\/www.qocsolutions.com\/es\/wp-json\/wp\/v2\/pages\/270823\/revisions\/271158"}],"wp:attachment":[{"href":"https:\/\/www.qocsolutions.com\/es\/wp-json\/wp\/v2\/media?parent=270823"}],"curies":[{"name":"wp","href":"https:\/\/api.w.org\/{rel}","templated":true}]}}