{"id":270831,"date":"2026-03-03T10:07:31","date_gmt":"2026-03-03T09:07:31","guid":{"rendered":"https:\/\/www.qocsolutions.com\/grupo\/"},"modified":"2026-04-02T10:51:47","modified_gmt":"2026-04-02T08:51:47","slug":"grupo","status":"publish","type":"page","link":"https:\/\/www.qocsolutions.com\/es\/grupo\/","title":{"rendered":"grupo"},"content":{"rendered":"<p>[et_pb_section fb_built=\u00bb1&#8243; _builder_version=\u00bb4.4.8&#8243; custom_padding=\u00bb0px||0px|||\u00bb global_colors_info=\u00bb{}\u00bb][et_pb_row _builder_version=\u00bb4.4.8&#8243; width=\u00bb100%\u00bb max_width=\u00bb2024px\u00bb custom_padding=\u00bb0px||0px|||\u00bb global_colors_info=\u00bb{}\u00bb][et_pb_column type=\u00bb4_4&#8243; _builder_version=\u00bb4.4.8&#8243; global_colors_info=\u00bb{}\u00bb][et_pb_slider _builder_version=\u00bb4.9.4&#8243; custom_padding=\u00bb180px||180px||true|\u00bb auto=\u00bbon\u00bb auto_speed=\u00bb5000&#8243; global_colors_info=\u00bb{}\u00bb][et_pb_slide heading=\u00bbEL GRUPO\u00bb _builder_version=\u00bb4.9.4&#8243; header_font=\u00bbMontserrat|700|||||||\u00bb header_text_align=\u00bbright\u00bb header_font_size=\u00bb52px\u00bb body_font=\u00bbMontserrat|600|||||||\u00bb body_text_align=\u00bbright\u00bb body_font_size=\u00bb18px\u00bb background_color=\u00bbrgba(0,0,0,0.24)\u00bb background_enable_color=\u00bbon\u00bb background_image=\u00bbhttps:\/\/www.qocsolutions.com\/wp-content\/uploads\/2021\/05\/sbs-cafe-1.jpg\u00bb background_enable_image=\u00bbon\u00bb background_position=\u00bbbottom_center\u00bb background_blend=\u00bbmultiply\u00bb global_colors_info=\u00bb{}\u00bb sticky_transition=\u00bbon\u00bb]<\/p>\n<p>8 Empresas con m\u00e1s de 500 empleados<\/p>\n<p>[\/et_pb_slide][\/et_pb_slider][\/et_pb_column][\/et_pb_row][\/et_pb_section][et_pb_section fb_built=\u00bb1&#8243; _builder_version=\u00bb4.4.8&#8243; custom_padding=\u00bb22px||38px|||\u00bb global_colors_info=\u00bb{}\u00bb][et_pb_row column_structure=\u00bb1_4,3_4&#8243; make_equal=\u00bbon\u00bb _builder_version=\u00bb4.4.8&#8243; width=\u00bb72%\u00bb max_width=\u00bb1152px\u00bb module_alignment=\u00bbcenter\u00bb global_colors_info=\u00bb{}\u00bb][et_pb_column type=\u00bb1_4&#8243; _builder_version=\u00bb4.4.8&#8243; global_colors_info=\u00bb{}\u00bb][et_pb_text disabled_on=\u00bbon|on|off\u00bb _builder_version=\u00bb4.9.0&#8243; text_font=\u00bbOpen Sans||||||||\u00bb text_text_color=\u00bb#000000&#8243; link_font=\u00bbOpen Sans||||||||solid\u00bb link_text_color=\u00bb#0c71c3&#8243; custom_margin=\u00bb||15px|||\u00bb link_option_url=\u00bbqocsolutions.com\u00bb border_color_right=\u00bb#adadad\u00bb border_color_bottom=\u00bb#afafaf\u00bb global_module=\u00bb268789&#8243; global_colors_info=\u00bb{}\u00bb]<\/p>\n<p style=\"text-align: left;\"><a href=\"https:\/\/qocsolutions.com\">Inicio<\/a><\/p>\n<hr \/>\n<p>&nbsp;<\/p>\n<p style=\"text-align: left;\"><a href=\"https:\/\/qocsolutions.com\/chi-siamo\">Sobre nosotros<\/a><\/p>\n<hr \/>\n<p>&nbsp;<\/p>\n<p style=\"text-align: left;\"><a href=\"https:\/\/qocsolutions.com\/gruppo\">El grupo<\/a><\/p>\n<hr \/>\n<p>&nbsp;<\/p>\n<p style=\"text-align: left;\"><a href=\"https:\/\/qocsolutions.com\/mission\">Misi\u00f3n<\/a><\/p>\n<hr \/>\n<p>&nbsp;<\/p>\n<p><a href=\"https:\/\/qocsolutions.com\/qualita\">Calidad<\/a><\/p>\n<hr \/>\n<p>&nbsp;<\/p>\n<p><a href=\"https:\/\/qocsolutions.com\/prodotti\">Productos<\/a><\/p>\n<p>[\/et_pb_text][\/et_pb_column][et_pb_column type=\u00bb3_4&#8243; _builder_version=\u00bb4.4.8&#8243; global_colors_info=\u00bb{}\u00bb][et_pb_text _builder_version=\u00bb4.9.0&#8243; header_font=\u00bbOpen Sans|600|||||||\u00bb header_text_color=\u00bb#000000&#8243; header_font_size=\u00bb19px\u00bb custom_margin=\u00bb||0px|||\u00bb global_colors_info=\u00bb{}\u00bb]<\/p>\n<h1 style=\"text-align: left;\">QOC Solutions forma parte de un grupo compuesto por ocho empresas y m\u00e1s de 500 empleados.<\/h1>\n<p>[\/et_pb_text][et_pb_blurb title=\u00bbEL GRUPO\u00bb image=\u00bbhttps:\/\/qocsolutions.com\/wp-content\/uploads\/2020\/09\/esperienza.png\u00bb icon_alignment=\u00bbleft\u00bb content_max_width=\u00bb1100px\u00bb _builder_version=\u00bb4.13.0&#8243; header_font=\u00bbOpen Sans|700|||||||\u00bb header_text_color=\u00bb#000000&#8243; body_font=\u00bbOpen Sans||||||||\u00bb body_text_color=\u00bb#000000&#8243; body_font_size=\u00bb15px\u00bb global_colors_info=\u00bb{}\u00bb]<\/p>\n<p>empresas del Grupo desde su fundaci\u00f3n en <b>1994<\/b>operan principalmente como proveedores de soluciones para la electr\u00f3nica industrial y de consumo.<\/p>\n<p>[\/et_pb_blurb][et_pb_blurb title=\u00bb500 PERSONAS, UN OBJETIVO\u00bb image=\u00bbhttps:\/\/qocsolutions.com\/wp-content\/uploads\/2020\/09\/persone.png\u00bb icon_alignment=\u00bbleft\u00bb content_max_width=\u00bb1100px\u00bb _builder_version=\u00bb4.13.0&#8243; header_font=\u00bbOpen Sans|700|||||||\u00bb header_text_color=\u00bb#000000&#8243; body_font=\u00bbOpen Sans||||||||\u00bb body_text_color=\u00bb#000000&#8243; body_font_size=\u00bb15px\u00bb global_colors_info=\u00bb{}\u00bb]Vive tu papel como protagonista, aporta soluciones y toma decisiones oportunas con determinaci\u00f3n, profesionalidad, competencia y equidad persiguiendo la calidad cada d\u00eda.[\/et_pb_blurb][et_pb_blurb title=\u00bb8 EMPRESAS ALTAMENTE ESPECIALIZADAS\u00bb image=\u00bbhttps:\/\/qocsolutions.com\/wp-content\/uploads\/2020\/09\/societa.png\u00bb icon_alignment=\u00bbleft\u00bb content_max_width=\u00bb1100px\u00bb _builder_version=\u00bb4.13.0&#8243; header_font=\u00bbOpen Sans|700|||||||\u00bb header_text_color=\u00bb#000000&#8243; body_font=\u00bbOpen Sans||||||||\u00bb body_text_color=\u00bb#000000&#8243; body_font_size=\u00bb15px\u00bb global_colors_info=\u00bb{}\u00bb]Nuestras empresas ocupan una superficie de 13.000 metros cuadrados divididos en locales cubiertos y almacenes: electr\u00f3nica industrial y de consumo, integraci\u00f3n, dom\u00f3tica, automatizaci\u00f3n, servicio y energ\u00eda.[\/et_pb_blurb][et_pb_blurb title=\u00bb155 MILLONES\u00bb image=\u00bbhttps:\/\/qocsolutions.com\/wp-content\/uploads\/2020\/09\/fatturato.png\u00bb icon_alignment=\u00bbleft\u00bb content_max_width=\u00bb1100px\u00bb _builder_version=\u00bb4.13.0&#8243; header_font=\u00bbOpen Sans|700|||||||\u00bb header_text_color=\u00bb#000000&#8243; body_font=\u00bbOpen Sans||||||||\u00bb body_text_color=\u00bb#000000&#8243; body_font_size=\u00bb15px\u00bb global_colors_info=\u00bb{}\u00bb]Nuestro volumen de negocio. Para nosotros, no es s\u00f3lo una cifra, sino la confirmaci\u00f3n de la preferencia que nuestros clientes nos otorgan cada d\u00eda.[\/et_pb_blurb][et_pb_blurb title=\u00bbEXPORTACI\u00d3N 60%\u00bb image=\u00bbhttps:\/\/qocsolutions.com\/wp-content\/uploads\/2020\/09\/export.png\u00bb icon_alignment=\u00bbleft\u00bb content_max_width=\u00bb1100px\u00bb _builder_version=\u00bb4.13.0&#8243; header_font=\u00bbOpen Sans|700|||||||\u00bb header_text_color=\u00bb#000000&#8243; body_font=\u00bbOpen Sans||||||||\u00bb body_text_color=\u00bb#000000&#8243; body_font_size=\u00bb15px\u00bb global_colors_info=\u00bb{}\u00bb]El negocio internacional del Grupo no ha dejado de crecer, a\u00f1o tras a\u00f1o, gracias a una estructura en constante evoluci\u00f3n.[\/et_pb_blurb][\/et_pb_column][\/et_pb_row][\/et_pb_section][et_pb_section fb_built=\u00bb1&#8243; _builder_version=\u00bb4.4.8&#8243; background_color=\u00bb#0c71c3&#8243; custom_padding=\u00bb17px|||||\u00bb global_colors_info=\u00bb{}\u00bb][et_pb_row _builder_version=\u00bb4.4.8&#8243; custom_margin=\u00bb-3px|auto|-15px|auto||\u00bb custom_padding=\u00bb5px||8px|||\u00bb global_colors_info=\u00bb{}\u00bb][et_pb_column type=\u00bb4_4&#8243; _builder_version=\u00bb4.4.8&#8243; global_colors_info=\u00bb{}\u00bb][et_pb_text _builder_version=\u00bb4.4.8&#8243; link_font=\u00bbRaleway||||||||\u00bb link_text_align=\u00bbcenter\u00bb link_text_color=\u00bb#ffffff\u00bb link_font_size=\u00bb21px\u00bb global_colors_info=\u00bb{}\u00bb]<\/p>\n<h3 style=\"text-align: center;\"><a href=\"https:\/\/www.renovisenergy.com\/\">RENOVIS ENERGY &#8211; EFICIENCIA ENERG\u00c9TICA<\/a><\/h3>\n<p>[\/et_pb_text][\/et_pb_column][\/et_pb_row][\/et_pb_section]<\/p>\n","protected":false},"excerpt":{"rendered":"<p>8 Empresas con m\u00e1s de 500 empleados Inicio &nbsp; Sobre nosotros &nbsp; El grupo &nbsp; Misi\u00f3n &nbsp; Calidad &nbsp; Productos QOC Solutions forma parte de un grupo compuesto por ocho empresas y m\u00e1s de 500 empleados. empresas del Grupo desde su fundaci\u00f3n en 1994operan principalmente como proveedores de soluciones para la electr\u00f3nica industrial y de [&hellip;]<\/p>\n","protected":false},"author":1,"featured_media":0,"parent":0,"menu_order":0,"comment_status":"closed","ping_status":"closed","template":"","meta":{"_et_pb_use_builder":"on","_et_pb_old_content":"","_et_gb_content_width":"","footnotes":""},"class_list":["post-270831","page","type-page","status-publish","hentry"],"yoast_head":"<!-- This site is optimized with the Yoast SEO plugin v27.5 - https:\/\/yoast.com\/product\/yoast-seo-wordpress\/ -->\n<title>El Grupo QOC Solutions: Renovis<\/title>\n<meta name=\"description\" content=\"El Grupo Renovis, del que forma parte QOC Solutions, es una empresa industrial desde 1994. Tiene su sede en Vaprio d&#039;Agogna (Novara).\" \/>\n<meta name=\"robots\" content=\"index, follow, max-snippet:-1, max-image-preview:large, max-video-preview:-1\" \/>\n<link rel=\"canonical\" href=\"https:\/\/www.qocsolutions.com\/es\/grupo\/\" \/>\n<meta property=\"og:locale\" content=\"es_ES\" \/>\n<meta property=\"og:type\" content=\"article\" \/>\n<meta property=\"og:title\" content=\"El Grupo QOC Solutions: Renovis\" \/>\n<meta property=\"og:description\" content=\"El Grupo Renovis, del que forma parte QOC Solutions, es una empresa industrial desde 1994. Tiene su sede en Vaprio d&#039;Agogna (Novara).\" \/>\n<meta property=\"og:url\" content=\"https:\/\/www.qocsolutions.com\/es\/grupo\/\" \/>\n<meta property=\"og:site_name\" content=\"qoc\" \/>\n<meta property=\"article:modified_time\" content=\"2026-04-02T08:51:47+00:00\" \/>\n<meta name=\"twitter:card\" content=\"summary_large_image\" \/>\n<meta name=\"twitter:label1\" content=\"Tiempo de lectura\" \/>\n\t<meta name=\"twitter:data1\" content=\"4 minutos\" \/>\n<script type=\"application\/ld+json\" class=\"yoast-schema-graph\">{\"@context\":\"https:\\\/\\\/schema.org\",\"@graph\":[{\"@type\":\"WebPage\",\"@id\":\"https:\\\/\\\/www.qocsolutions.com\\\/es\\\/grupo\\\/\",\"url\":\"https:\\\/\\\/www.qocsolutions.com\\\/es\\\/grupo\\\/\",\"name\":\"El Grupo QOC Solutions: Renovis\",\"isPartOf\":{\"@id\":\"https:\\\/\\\/www.qocsolutions.com\\\/es\\\/#website\"},\"datePublished\":\"2026-03-03T09:07:31+00:00\",\"dateModified\":\"2026-04-02T08:51:47+00:00\",\"description\":\"El Grupo Renovis, del que forma parte QOC Solutions, es una empresa industrial desde 1994. Tiene su sede en Vaprio d'Agogna (Novara).\",\"breadcrumb\":{\"@id\":\"https:\\\/\\\/www.qocsolutions.com\\\/es\\\/grupo\\\/#breadcrumb\"},\"inLanguage\":\"es\",\"potentialAction\":[{\"@type\":\"ReadAction\",\"target\":[\"https:\\\/\\\/www.qocsolutions.com\\\/es\\\/grupo\\\/\"]}]},{\"@type\":\"BreadcrumbList\",\"@id\":\"https:\\\/\\\/www.qocsolutions.com\\\/es\\\/grupo\\\/#breadcrumb\",\"itemListElement\":[{\"@type\":\"ListItem\",\"position\":1,\"name\":\"Home\",\"item\":\"https:\\\/\\\/www.qocsolutions.com\\\/es\\\/\"},{\"@type\":\"ListItem\",\"position\":2,\"name\":\"grupo\"}]},{\"@type\":\"WebSite\",\"@id\":\"https:\\\/\\\/www.qocsolutions.com\\\/es\\\/#website\",\"url\":\"https:\\\/\\\/www.qocsolutions.com\\\/es\\\/\",\"name\":\"qoc\",\"description\":\"\",\"potentialAction\":[{\"@type\":\"SearchAction\",\"target\":{\"@type\":\"EntryPoint\",\"urlTemplate\":\"https:\\\/\\\/www.qocsolutions.com\\\/es\\\/?s={search_term_string}\"},\"query-input\":{\"@type\":\"PropertyValueSpecification\",\"valueRequired\":true,\"valueName\":\"search_term_string\"}}],\"inLanguage\":\"es\"}]}<\/script>\n<!-- \/ Yoast SEO plugin. -->","yoast_head_json":{"title":"El Grupo QOC Solutions: Renovis","description":"El Grupo Renovis, del que forma parte QOC Solutions, es una empresa industrial desde 1994. Tiene su sede en Vaprio d'Agogna (Novara).","robots":{"index":"index","follow":"follow","max-snippet":"max-snippet:-1","max-image-preview":"max-image-preview:large","max-video-preview":"max-video-preview:-1"},"canonical":"https:\/\/www.qocsolutions.com\/es\/grupo\/","og_locale":"es_ES","og_type":"article","og_title":"El Grupo QOC Solutions: Renovis","og_description":"El Grupo Renovis, del que forma parte QOC Solutions, es una empresa industrial desde 1994. Tiene su sede en Vaprio d'Agogna (Novara).","og_url":"https:\/\/www.qocsolutions.com\/es\/grupo\/","og_site_name":"qoc","article_modified_time":"2026-04-02T08:51:47+00:00","twitter_card":"summary_large_image","twitter_misc":{"Tiempo de lectura":"4 minutos"},"schema":{"@context":"https:\/\/schema.org","@graph":[{"@type":"WebPage","@id":"https:\/\/www.qocsolutions.com\/es\/grupo\/","url":"https:\/\/www.qocsolutions.com\/es\/grupo\/","name":"El Grupo QOC Solutions: Renovis","isPartOf":{"@id":"https:\/\/www.qocsolutions.com\/es\/#website"},"datePublished":"2026-03-03T09:07:31+00:00","dateModified":"2026-04-02T08:51:47+00:00","description":"El Grupo Renovis, del que forma parte QOC Solutions, es una empresa industrial desde 1994. Tiene su sede en Vaprio d'Agogna (Novara).","breadcrumb":{"@id":"https:\/\/www.qocsolutions.com\/es\/grupo\/#breadcrumb"},"inLanguage":"es","potentialAction":[{"@type":"ReadAction","target":["https:\/\/www.qocsolutions.com\/es\/grupo\/"]}]},{"@type":"BreadcrumbList","@id":"https:\/\/www.qocsolutions.com\/es\/grupo\/#breadcrumb","itemListElement":[{"@type":"ListItem","position":1,"name":"Home","item":"https:\/\/www.qocsolutions.com\/es\/"},{"@type":"ListItem","position":2,"name":"grupo"}]},{"@type":"WebSite","@id":"https:\/\/www.qocsolutions.com\/es\/#website","url":"https:\/\/www.qocsolutions.com\/es\/","name":"qoc","description":"","potentialAction":[{"@type":"SearchAction","target":{"@type":"EntryPoint","urlTemplate":"https:\/\/www.qocsolutions.com\/es\/?s={search_term_string}"},"query-input":{"@type":"PropertyValueSpecification","valueRequired":true,"valueName":"search_term_string"}}],"inLanguage":"es"}]}},"_links":{"self":[{"href":"https:\/\/www.qocsolutions.com\/es\/wp-json\/wp\/v2\/pages\/270831","targetHints":{"allow":["GET"]}}],"collection":[{"href":"https:\/\/www.qocsolutions.com\/es\/wp-json\/wp\/v2\/pages"}],"about":[{"href":"https:\/\/www.qocsolutions.com\/es\/wp-json\/wp\/v2\/types\/page"}],"author":[{"embeddable":true,"href":"https:\/\/www.qocsolutions.com\/es\/wp-json\/wp\/v2\/users\/1"}],"replies":[{"embeddable":true,"href":"https:\/\/www.qocsolutions.com\/es\/wp-json\/wp\/v2\/comments?post=270831"}],"version-history":[{"count":1,"href":"https:\/\/www.qocsolutions.com\/es\/wp-json\/wp\/v2\/pages\/270831\/revisions"}],"predecessor-version":[{"id":271159,"href":"https:\/\/www.qocsolutions.com\/es\/wp-json\/wp\/v2\/pages\/270831\/revisions\/271159"}],"wp:attachment":[{"href":"https:\/\/www.qocsolutions.com\/es\/wp-json\/wp\/v2\/media?parent=270831"}],"curies":[{"name":"wp","href":"https:\/\/api.w.org\/{rel}","templated":true}]}}