{"id":270847,"date":"2026-03-03T10:57:33","date_gmt":"2026-03-03T09:57:33","guid":{"rendered":"https:\/\/www.qocsolutions.com\/mision\/"},"modified":"2026-04-02T10:52:53","modified_gmt":"2026-04-02T08:52:53","slug":"mision","status":"publish","type":"page","link":"https:\/\/www.qocsolutions.com\/es\/mision\/","title":{"rendered":"Misi\u00f3n"},"content":{"rendered":"<p>[et_pb_section fb_built=\u00bb1&#8243; _builder_version=\u00bb4.4.8&#8243; custom_padding=\u00bb0px||0px|||\u00bb][et_pb_row _builder_version=\u00bb4.4.8&#8243; width=\u00bb100%\u00bb max_width=\u00bb2024px\u00bb custom_padding=\u00bb0px||0px|||\u00bb][et_pb_column type=\u00bb4_4&#8243; _builder_version=\u00bb4.4.8&#8243;][et_pb_slider _builder_version=\u00bb4.9.4&#8243; custom_padding=\u00bb180px||180px||true|\u00bb auto=\u00bbon\u00bb auto_speed=\u00bb5000&#8243; hover_enabled=\u00bb0&#8243; sticky_enabled=\u00bb0&#8243;][et_pb_slide heading=\u00bbMISI\u00d3N\u00bb _builder_version=\u00bb4.9.4&#8243; header_font=\u00bbMontserrat|700|||||||\u00bb header_text_align=\u00bbright\u00bb header_font_size=\u00bb52px\u00bb body_font=\u00bbMontserrat|600|||||||\u00bb body_text_align=\u00bbright\u00bb body_font_size=\u00bb18px\u00bb background_color=\u00bbrgba(0,0,0,0.24)\u00bb background_enable_color=\u00bbon\u00bb background_image=\u00bbhttps:\/\/www.qocsolutions.com\/wp-content\/uploads\/2020\/09\/Risorsa-3.png\u00bb background_enable_image=\u00bbon\u00bb background_blend=\u00bbmultiply\u00bb hover_enabled=\u00bb0&#8243; sticky_transition=\u00bbon\u00bb title_text=\u00bbRisorsa-3&#8243; sticky_enabled=\u00bb0&#8243;]<\/p>\n<p>Empresa<\/p>\n<p>[\/et_pb_slide][\/et_pb_slider][\/et_pb_column][\/et_pb_row][\/et_pb_section][et_pb_section fb_built=\u00bb1&#8243; _builder_version=\u00bb4.4.8&#8243; custom_padding=\u00bb22px||38px|||\u00bb][et_pb_row column_structure=\u00bb1_4,3_4&#8243; make_equal=\u00bbon\u00bb _builder_version=\u00bb4.4.8&#8243; width=\u00bb72%\u00bb max_width=\u00bb1152px\u00bb module_alignment=\u00bbcenter\u00bb][et_pb_column type=\u00bb1_4&#8243; _builder_version=\u00bb4.4.8&#8243;][et_pb_text disabled_on=\u00bbon|on|off\u00bb _builder_version=\u00bb4.9.0&#8243; text_font=\u00bbOpen Sans||||||||\u00bb text_text_color=\u00bb#000000&#8243; link_font=\u00bbOpen Sans||||||||solid\u00bb link_text_color=\u00bb#0c71c3&#8243; custom_margin=\u00bb||15px|||\u00bb link_option_url=\u00bbqocsolutions.com\u00bb border_color_right=\u00bb#adadad\u00bb border_color_bottom=\u00bb#afafaf\u00bb global_module=\u00bb268789&#8243;]<\/p>\n<p style=\"text-align: left;\"><a href=\"https:\/\/qocsolutions.com\">Inicio<\/a><\/p>\n<hr \/>\n<p>&nbsp;<\/p>\n<p style=\"text-align: left;\"><a href=\"https:\/\/qocsolutions.com\/chi-siamo\">Sobre nosotros<\/a><\/p>\n<hr \/>\n<p>&nbsp;<\/p>\n<p style=\"text-align: left;\"><a href=\"https:\/\/qocsolutions.com\/gruppo\">El grupo<\/a><\/p>\n<hr \/>\n<p>&nbsp;<\/p>\n<p style=\"text-align: left;\"><a href=\"https:\/\/qocsolutions.com\/mission\">Misi\u00f3n<\/a><\/p>\n<hr \/>\n<p>&nbsp;<\/p>\n<p><a href=\"https:\/\/qocsolutions.com\/qualita\">Calidad<\/a><\/p>\n<hr \/>\n<p>&nbsp;<\/p>\n<p><a href=\"https:\/\/qocsolutions.com\/prodotti\">Productos<\/a><\/p>\n<p>[\/et_pb_text][\/et_pb_column][et_pb_column type=\u00bb3_4&#8243; _builder_version=\u00bb4.4.8&#8243;][et_pb_text _builder_version=\u00bb4.4.8&#8243; header_font=\u00bbOpen Sans|600||on|||||\u00bb header_text_color=\u00bb#000000&#8243; header_font_size=\u00bb25px\u00bb custom_margin=\u00bb||0px|||\u00bb]<\/p>\n<h1 style=\"text-align: left;\">OBJETIVOS de QOC Solutions<\/h1>\n<p>[\/et_pb_text][et_pb_text _builder_version=\u00bb4.4.8&#8243; text_font=\u00bbOpen Sans||||||||\u00bb text_text_color=\u00bb#000000&#8243; text_font_size=\u00bb15px\u00bb text_line_height=\u00bb28px\u00bb ul_font=\u00bbOpen Sans||||||||\u00bb header_font=\u00bbOpen Sans|700||on|||||\u00bb]<\/p>\n<p><span class=\"s1\">Para <b>mejorar constantemente el rendimiento de<\/b> su producto y garantizar la profesionalidad de sus servicios, QOC Solutions persigue los siguientes <b>macroobjetivos<\/b>:<\/span><\/p>\n<ul class=\"ul1\">\n<li class=\"li1\"><span class=\"s2\">Aumentar la satisfacci\u00f3n del cliente cumpliendo sus expectativas<\/span><\/li>\n<li class=\"li1\"><span class=\"s2\">Proporcionar un producto que cumpla la normativa obligatoria y las normas de calidad exigidas por el cliente y reconocidas por el mercado mundial.<\/span><\/li>\n<li class=\"li1\"><span class=\"s2\">Analizar el contexto interno y externo de la empresa, sus puntos fuertes y d\u00e9biles, para perseguir la mejora continua y la mitigaci\u00f3n de los riesgos identificados.<\/span><\/li>\n<li class=\"li1\"><span class=\"s2\">Optimizar los procesos para garantizar las entregas a tiempo <\/span><\/li>\n<li class=\"li1\"><span class=\"s2\">Implicar a los recursos internos y externos para que contribuyan a la correcta gesti\u00f3n del sistema de control de calidad <\/span><\/li>\n<li class=\"li1\"><span class=\"s2\">Desarrollar nuevas tecnolog\u00edas <\/span><\/li>\n<li class=\"li1\"><span class=\"s2\">Desarrollar nuevas sinergias dentro del grupo<\/span><\/li>\n<\/ul>\n<p>[\/et_pb_text][et_pb_text _builder_version=\u00bb4.4.8&#8243; header_font=\u00bbOpen Sans|600||on|||||\u00bb header_text_color=\u00bb#000000&#8243; header_font_size=\u00bb25px\u00bb custom_margin=\u00bb||0px|||\u00bb]<\/p>\n<h1 style=\"text-align: left;\">LA INNOVACI\u00d3N ANTE TODO<\/h1>\n<p>[\/et_pb_text][et_pb_text _builder_version=\u00bb4.4.8&#8243; text_font=\u00bbOpen Sans||||||||\u00bb text_text_color=\u00bb#000000&#8243; text_font_size=\u00bb15px\u00bb text_line_height=\u00bb28px\u00bb header_font=\u00bbOpen Sans|700||on|||||\u00bb]<\/p>\n<p class=\"p1\"><span class=\"s1\">Lo que distingue a <b>QOC Solutions<\/b> es el <b>deseo continuo de mejorar sus productos. <\/b>Adem\u00e1s, la experiencia y los conocimientos del equipo permiten<\/span><span class=\"s1\"> a la empresa ofrecer siempre a sus clientes las <b>mejores soluciones en t\u00e9rminos de aplicabilidad, fiabilidad y optimizaci\u00f3n de costes<\/b>.<\/span><\/p>\n<p class=\"p3\"><span class=\"s1\">Todos los dise\u00f1os se eval\u00faan y prueban \u00fanicamente para garantizar la calidad y seguridad del producto.<\/span><\/p>\n<p class=\"p1\"><span class=\"s1\">Las empresas que buscan una ayuda valiosa para <b>mejorar el rendimiento de la producci\u00f3n<\/b>y <b>aumentar la seguridad de los trabajadores<\/b> encontrar\u00e1n en QOC Solutions el socio ideal.<\/span><\/p>\n<p class=\"p1\"><span class=\"s1\">La b\u00fasqueda incesante de nuevas soluciones hace de <b>ella una empresa flexible y vers\u00e1til <\/b>, capaz de adaptar sus soluciones a distintos sectores.<\/span><\/p>\n<p>[\/et_pb_text][\/et_pb_column][\/et_pb_row][\/et_pb_section]<\/p>\n","protected":false},"excerpt":{"rendered":"<p>Empresa Inicio &nbsp; Sobre nosotros &nbsp; El grupo &nbsp; Misi\u00f3n &nbsp; Calidad &nbsp; Productos OBJETIVOS de QOC Solutions Para mejorar constantemente el rendimiento de su producto y garantizar la profesionalidad de sus servicios, QOC Solutions persigue los siguientes macroobjetivos: Aumentar la satisfacci\u00f3n del cliente cumpliendo sus expectativas Proporcionar un producto que cumpla la normativa obligatoria [&hellip;]<\/p>\n","protected":false},"author":1,"featured_media":0,"parent":0,"menu_order":0,"comment_status":"closed","ping_status":"closed","template":"","meta":{"_et_pb_use_builder":"on","_et_pb_old_content":"","_et_gb_content_width":"","footnotes":""},"class_list":["post-270847","page","type-page","status-publish","hentry"],"yoast_head":"<!-- This site is optimized with the Yoast SEO plugin v27.5 - https:\/\/yoast.com\/product\/yoast-seo-wordpress\/ -->\n<title>Misi\u00f3n y objetivos de QOC Solutions<\/title>\n<meta name=\"description\" content=\"La misi\u00f3n de QOC Solutions es mejorar continuamente el rendimiento de sus productos, proporcionando siempre a los clientes las mejores soluciones en t\u00e9rminos de aplicabilidad, fiabilidad y coste. Con sede en Vaprio d&#039;Agogna, Novara.\" \/>\n<meta name=\"robots\" content=\"index, follow, max-snippet:-1, max-image-preview:large, max-video-preview:-1\" \/>\n<link rel=\"canonical\" href=\"https:\/\/www.qocsolutions.com\/es\/mision\/\" \/>\n<meta property=\"og:locale\" content=\"es_ES\" \/>\n<meta property=\"og:type\" content=\"article\" \/>\n<meta property=\"og:title\" content=\"Misi\u00f3n y objetivos de QOC Solutions\" \/>\n<meta property=\"og:description\" content=\"La misi\u00f3n de QOC Solutions es mejorar continuamente el rendimiento de sus productos, proporcionando siempre a los clientes las mejores soluciones en t\u00e9rminos de aplicabilidad, fiabilidad y coste. Con sede en Vaprio d&#039;Agogna, Novara.\" \/>\n<meta property=\"og:url\" content=\"https:\/\/www.qocsolutions.com\/es\/mision\/\" \/>\n<meta property=\"og:site_name\" content=\"qoc\" \/>\n<meta property=\"article:modified_time\" content=\"2026-04-02T08:52:53+00:00\" \/>\n<meta name=\"twitter:card\" content=\"summary_large_image\" \/>\n<meta name=\"twitter:label1\" content=\"Tiempo de lectura\" \/>\n\t<meta name=\"twitter:data1\" content=\"3 minutos\" \/>\n<script type=\"application\/ld+json\" class=\"yoast-schema-graph\">{\"@context\":\"https:\\\/\\\/schema.org\",\"@graph\":[{\"@type\":\"WebPage\",\"@id\":\"https:\\\/\\\/www.qocsolutions.com\\\/es\\\/mision\\\/\",\"url\":\"https:\\\/\\\/www.qocsolutions.com\\\/es\\\/mision\\\/\",\"name\":\"Misi\u00f3n y objetivos de QOC Solutions\",\"isPartOf\":{\"@id\":\"https:\\\/\\\/www.qocsolutions.com\\\/es\\\/#website\"},\"datePublished\":\"2026-03-03T09:57:33+00:00\",\"dateModified\":\"2026-04-02T08:52:53+00:00\",\"description\":\"La misi\u00f3n de QOC Solutions es mejorar continuamente el rendimiento de sus productos, proporcionando siempre a los clientes las mejores soluciones en t\u00e9rminos de aplicabilidad, fiabilidad y coste. Con sede en Vaprio d'Agogna, Novara.\",\"breadcrumb\":{\"@id\":\"https:\\\/\\\/www.qocsolutions.com\\\/es\\\/mision\\\/#breadcrumb\"},\"inLanguage\":\"es\",\"potentialAction\":[{\"@type\":\"ReadAction\",\"target\":[\"https:\\\/\\\/www.qocsolutions.com\\\/es\\\/mision\\\/\"]}]},{\"@type\":\"BreadcrumbList\",\"@id\":\"https:\\\/\\\/www.qocsolutions.com\\\/es\\\/mision\\\/#breadcrumb\",\"itemListElement\":[{\"@type\":\"ListItem\",\"position\":1,\"name\":\"Home\",\"item\":\"https:\\\/\\\/www.qocsolutions.com\\\/es\\\/\"},{\"@type\":\"ListItem\",\"position\":2,\"name\":\"Misi\u00f3n\"}]},{\"@type\":\"WebSite\",\"@id\":\"https:\\\/\\\/www.qocsolutions.com\\\/es\\\/#website\",\"url\":\"https:\\\/\\\/www.qocsolutions.com\\\/es\\\/\",\"name\":\"qoc\",\"description\":\"\",\"potentialAction\":[{\"@type\":\"SearchAction\",\"target\":{\"@type\":\"EntryPoint\",\"urlTemplate\":\"https:\\\/\\\/www.qocsolutions.com\\\/es\\\/?s={search_term_string}\"},\"query-input\":{\"@type\":\"PropertyValueSpecification\",\"valueRequired\":true,\"valueName\":\"search_term_string\"}}],\"inLanguage\":\"es\"}]}<\/script>\n<!-- \/ Yoast SEO plugin. -->","yoast_head_json":{"title":"Misi\u00f3n y objetivos de QOC Solutions","description":"La misi\u00f3n de QOC Solutions es mejorar continuamente el rendimiento de sus productos, proporcionando siempre a los clientes las mejores soluciones en t\u00e9rminos de aplicabilidad, fiabilidad y coste. Con sede en Vaprio d'Agogna, Novara.","robots":{"index":"index","follow":"follow","max-snippet":"max-snippet:-1","max-image-preview":"max-image-preview:large","max-video-preview":"max-video-preview:-1"},"canonical":"https:\/\/www.qocsolutions.com\/es\/mision\/","og_locale":"es_ES","og_type":"article","og_title":"Misi\u00f3n y objetivos de QOC Solutions","og_description":"La misi\u00f3n de QOC Solutions es mejorar continuamente el rendimiento de sus productos, proporcionando siempre a los clientes las mejores soluciones en t\u00e9rminos de aplicabilidad, fiabilidad y coste. Con sede en Vaprio d'Agogna, Novara.","og_url":"https:\/\/www.qocsolutions.com\/es\/mision\/","og_site_name":"qoc","article_modified_time":"2026-04-02T08:52:53+00:00","twitter_card":"summary_large_image","twitter_misc":{"Tiempo de lectura":"3 minutos"},"schema":{"@context":"https:\/\/schema.org","@graph":[{"@type":"WebPage","@id":"https:\/\/www.qocsolutions.com\/es\/mision\/","url":"https:\/\/www.qocsolutions.com\/es\/mision\/","name":"Misi\u00f3n y objetivos de QOC Solutions","isPartOf":{"@id":"https:\/\/www.qocsolutions.com\/es\/#website"},"datePublished":"2026-03-03T09:57:33+00:00","dateModified":"2026-04-02T08:52:53+00:00","description":"La misi\u00f3n de QOC Solutions es mejorar continuamente el rendimiento de sus productos, proporcionando siempre a los clientes las mejores soluciones en t\u00e9rminos de aplicabilidad, fiabilidad y coste. Con sede en Vaprio d'Agogna, Novara.","breadcrumb":{"@id":"https:\/\/www.qocsolutions.com\/es\/mision\/#breadcrumb"},"inLanguage":"es","potentialAction":[{"@type":"ReadAction","target":["https:\/\/www.qocsolutions.com\/es\/mision\/"]}]},{"@type":"BreadcrumbList","@id":"https:\/\/www.qocsolutions.com\/es\/mision\/#breadcrumb","itemListElement":[{"@type":"ListItem","position":1,"name":"Home","item":"https:\/\/www.qocsolutions.com\/es\/"},{"@type":"ListItem","position":2,"name":"Misi\u00f3n"}]},{"@type":"WebSite","@id":"https:\/\/www.qocsolutions.com\/es\/#website","url":"https:\/\/www.qocsolutions.com\/es\/","name":"qoc","description":"","potentialAction":[{"@type":"SearchAction","target":{"@type":"EntryPoint","urlTemplate":"https:\/\/www.qocsolutions.com\/es\/?s={search_term_string}"},"query-input":{"@type":"PropertyValueSpecification","valueRequired":true,"valueName":"search_term_string"}}],"inLanguage":"es"}]}},"_links":{"self":[{"href":"https:\/\/www.qocsolutions.com\/es\/wp-json\/wp\/v2\/pages\/270847","targetHints":{"allow":["GET"]}}],"collection":[{"href":"https:\/\/www.qocsolutions.com\/es\/wp-json\/wp\/v2\/pages"}],"about":[{"href":"https:\/\/www.qocsolutions.com\/es\/wp-json\/wp\/v2\/types\/page"}],"author":[{"embeddable":true,"href":"https:\/\/www.qocsolutions.com\/es\/wp-json\/wp\/v2\/users\/1"}],"replies":[{"embeddable":true,"href":"https:\/\/www.qocsolutions.com\/es\/wp-json\/wp\/v2\/comments?post=270847"}],"version-history":[{"count":1,"href":"https:\/\/www.qocsolutions.com\/es\/wp-json\/wp\/v2\/pages\/270847\/revisions"}],"predecessor-version":[{"id":271160,"href":"https:\/\/www.qocsolutions.com\/es\/wp-json\/wp\/v2\/pages\/270847\/revisions\/271160"}],"wp:attachment":[{"href":"https:\/\/www.qocsolutions.com\/es\/wp-json\/wp\/v2\/media?parent=270847"}],"curies":[{"name":"wp","href":"https:\/\/api.w.org\/{rel}","templated":true}]}}