{"id":270851,"date":"2026-03-03T10:57:35","date_gmt":"2026-03-03T09:57:35","guid":{"rendered":"https:\/\/www.qocsolutions.com\/ponte-en-contacto-con\/"},"modified":"2026-04-02T11:15:49","modified_gmt":"2026-04-02T09:15:49","slug":"ponte-en-contacto","status":"publish","type":"page","link":"https:\/\/www.qocsolutions.com\/es\/ponte-en-contacto\/","title":{"rendered":"Ponte en contacto"},"content":{"rendered":"<p>[et_pb_section fb_built=\u00bb1&#8243; _builder_version=\u00bb4.16&#8243; custom_padding=\u00bb0px||0px|||\u00bb global_colors_info=\u00bb{}\u00bb][et_pb_row _builder_version=\u00bb4.16&#8243; width=\u00bb100%\u00bb max_width=\u00bb2024px\u00bb custom_padding=\u00bb0px||0px|||\u00bb global_colors_info=\u00bb{}\u00bb][et_pb_column type=\u00bb4_4&#8243; _builder_version=\u00bb4.16&#8243; global_colors_info=\u00bb{}\u00bb][et_pb_slider _builder_version=\u00bb4.16&#8243; custom_padding=\u00bb180px||180px||true|\u00bb auto=\u00bbon\u00bb auto_speed=\u00bb5000&#8243; header_font_size_tablet=\u00bb\u00bb header_font_size_phone=\u00bb34px\u00bb header_font_size_last_edited=\u00bbon|phone\u00bb global_colors_info=\u00bb{}\u00bb][et_pb_slide heading=\u00bbCONT\u00c1CTANOS\u00bb _builder_version=\u00bb4.16&#8243; header_font=\u00bbMontserrat|700|||||||\u00bb header_text_align=\u00bbright\u00bb header_font_size=\u00bb52px\u00bb body_font=\u00bbMontserrat|600|||||||\u00bb body_text_align=\u00bbright\u00bb body_font_size=\u00bb18px\u00bb background_color=\u00bbrgba(0,0,0,0.24)\u00bb background_enable_color=\u00bbon\u00bb background_image=\u00bbhttps:\/\/qocsolutions.com\/wp-content\/uploads\/2020\/11\/contatti-telestar-16001.jpg\u00bb background_enable_image=\u00bbon\u00bb background_blend=\u00bbmultiply\u00bb global_colors_info=\u00bb{}\u00bb sticky_transition=\u00bbon\u00bb]<\/p>\n<p>[\/et_pb_slide][\/et_pb_slider][\/et_pb_column][\/et_pb_row][\/et_pb_section][et_pb_section fb_built=\u00bb1&#8243; _builder_version=\u00bb4.16&#8243; custom_padding=\u00bb22px||113px|||\u00bb global_colors_info=\u00bb{}\u00bb][et_pb_row make_equal=\u00bbon\u00bb _builder_version=\u00bb4.16&#8243; width=\u00bb72%\u00bb max_width=\u00bb1309px\u00bb module_alignment=\u00bbcenter\u00bb global_colors_info=\u00bb{}\u00bb][et_pb_column type=\u00bb4_4&#8243; _builder_version=\u00bb4.16&#8243; global_colors_info=\u00bb{}\u00bb][dvppl_cf7_styler use_form_header=\u00bbon\u00bb form_header_title=\u00bbRellena el formulario de contacto para solicitar informaci\u00f3n. Nuestro personal se pondr\u00e1 en contacto contigo.\u00bb button_alignment=\u00bbright\u00bb cf7=\u00bb271105&#8243; form_background_color=\u00bb#FFFFFF\u00bb _builder_version=\u00bb4.27.6&#8243; _module_preset=\u00bbf2426c1f-40c2-4f73-87c1-62fbf10388b4&#8243; form_field_font_text_color=\u00bb#000000&#8243; form_field_font_font_size=\u00bb12px\u00bb labels_text_color=\u00bb#000000&#8243; labels_font_size=\u00bb12px\u00bb placeholder_text_color=\u00bb#000000&#8243; placeholder_font_size=\u00bb12px\u00bb title_font=\u00bbRaleway|700|||||||\u00bb title_font_size=\u00bb17px\u00bb custom_submit_button=\u00bbon\u00bb submit_button_text_size=\u00bb21px\u00bb submit_button_bg_color=\u00bb#0c71c3&#8243; submit_button_border_width=\u00bb0px\u00bb submit_button_border_radius=\u00bb0px\u00bb submit_button_font=\u00bbRaleway|||on|||||\u00bb submit_button_custom_padding=\u00bb12px||12px||true|false\u00bb text_orientation=\u00bbleft\u00bb hover_enabled=\u00bb0&#8243; border_color_top_field=\u00bbRGBA(255,255,255,0)\u00bb border_color_right_field=\u00bbRGBA(255,255,255,0)\u00bb border_width_bottom_field=\u00bb1px\u00bb border_color_left_field=\u00bbRGBA(255,255,255,0)\u00bb global_colors_info=\u00bb{}\u00bb submit_button_bg_color__hover_enabled=\u00bbon|desktop\u00bb submit_button_bg_color__hover=\u00bbrgba(12,113,195,0.73)\u00bb submit_button_bg_enable_color__hover=\u00bbon\u00bb theme_builder_area=\u00bbpost_content\u00bb sticky_enabled=\u00bb0&#8243;][\/dvppl_cf7_styler][\/et_pb_column][\/et_pb_row][\/et_pb_section]<\/p>\n","protected":false},"excerpt":{"rendered":"<div class=\"et_pb_with_border et_pb_module dvppl_cf7_styler dvppl_cf7_styler_0\">\n\t\t\t\t\n\t\t\t\t\n\t\t\t\t\n\t\t\t\t\n\t\t\t\t\n\t\t\t\t\n\t\t\t\t<div class=\"et_pb_module_inner\">\n\t\t\t\t\t<div class=\"dipe-cf7-container dipe-cf7-button-right\">\n\t\t\t\t<div class=\"dipe-form-header-container\">\n                \t<div class=\"dipe-form-header\">\n                \t\t<div class=\"dipe-form-header-info\"><h2 class=\"dipe-form-header-title\">Rellena el formulario de contacto para solicitar informaci\u00f3n. Nuestro personal se pondr\u00e1 en contacto contigo.<\/h2><div class=\"dipe-form-header-text\"><\/div><\/div>\n                \t<\/div>\n                <\/div>\n\t\t\t\t<div class=\"dipe-cf7 dipe-cf7-styler \">\n\t\t\t\t\t\n<div class=\"wpcf7 no-js\" id=\"wpcf7-f271105-o1\" lang=\"it-IT\" dir=\"ltr\" data-wpcf7-id=\"271105\">\n<div class=\"screen-reader-response\"><p role=\"status\" aria-live=\"polite\" aria-atomic=\"true\"><\/p> <ul><\/ul><\/div>\n<form action=\"\/es\/wp-json\/wp\/v2\/pages\/270851#wpcf7-f271105-o1\" method=\"post\" class=\"wpcf7-form init\" aria-label=\"Modulo di contatto\" novalidate=\"novalidate\" data-status=\"init\">\n<fieldset class=\"hidden-fields-container\"><input type=\"hidden\" name=\"_wpcf7\" value=\"271105\" \/><input type=\"hidden\" name=\"_wpcf7_version\" value=\"6.1.5\" \/><input type=\"hidden\" name=\"_wpcf7_locale\" value=\"it_IT\" \/><input type=\"hidden\" name=\"_wpcf7_unit_tag\" value=\"wpcf7-f271105-o1\" \/><input type=\"hidden\" name=\"_wpcf7_container_post\" value=\"0\" \/><input type=\"hidden\" name=\"_wpcf7_posted_data_hash\" value=\"\" \/><input type=\"hidden\" name=\"_wpcf7_recaptcha_response\" value=\"\" \/>\n<\/fieldset>\n<div class=\"cf7m-row\">\n<div class=\"cf7m-col cf7m-col-12 cf7m-col-md-6 cf7m-col-lg-6\"><span class=\"wpcf7-form-control-wrap\" data-name=\"nome\"><input size=\"40\" maxlength=\"400\" class=\"wpcf7-form-control wpcf7-text wpcf7-validates-as-required\" autocomplete=\"name\" aria-required=\"true\" aria-invalid=\"false\" placeholder=\"Nombre*\" value=\"\" type=\"text\" name=\"nome\" \/><\/span><\/div>\n<div class=\"cf7m-col cf7m-col-12 cf7m-col-md-6 cf7m-col-lg-6\"><span class=\"wpcf7-form-control-wrap\" data-name=\"cognome\"><input size=\"40\" maxlength=\"400\" class=\"wpcf7-form-control wpcf7-text wpcf7-validates-as-required\" aria-required=\"true\" aria-invalid=\"false\" placeholder=\"Apellido*\" value=\"\" type=\"text\" name=\"cognome\" \/><\/span><\/div>\n<\/div>\n\n<div class=\"cf7m-row\">\n<div class=\"cf7m-col cf7m-col-12 cf7m-col-md-6 cf7m-col-lg-6\"><span class=\"wpcf7-form-control-wrap\" data-name=\"azienda\"><input size=\"40\" maxlength=\"400\" class=\"wpcf7-form-control wpcf7-text wpcf7-validates-as-required\" aria-required=\"true\" aria-invalid=\"false\" placeholder=\"Empresa*\" value=\"\" type=\"text\" name=\"azienda\" \/><\/span><\/div>\n<div class=\"cf7m-col cf7m-col-12 cf7m-col-md-6 cf7m-col-lg-6\"><span class=\"wpcf7-form-control-wrap\" data-name=\"telefono\"><input size=\"40\" maxlength=\"400\" class=\"wpcf7-form-control wpcf7-tel wpcf7-validates-as-required wpcf7-text wpcf7-validates-as-tel\" autocomplete=\"tel\" aria-required=\"true\" aria-invalid=\"false\" placeholder=\"Tel\u00e9fono*\" value=\"\" type=\"tel\" name=\"telefono\" \/><\/span><\/div>\n<\/div>\n\n<div class=\"cf7m-row\">\n<div class=\"cf7m-col cf7m-col-12 cf7m-col-md-6 cf7m-col-lg-6\"><span class=\"wpcf7-form-control-wrap\" data-name=\"tipologia-prodotto\"><input size=\"40\" maxlength=\"400\" class=\"wpcf7-form-control wpcf7-text wpcf7-validates-as-required\" aria-required=\"true\" aria-invalid=\"false\" placeholder=\"Producto*\" value=\"\" type=\"text\" name=\"tipologia-prodotto\" \/><\/span><\/div>\n<div class=\"cf7m-col cf7m-col-12 cf7m-col-md-6 cf7m-col-lg-6\"><span class=\"wpcf7-form-control-wrap\" data-name=\"email\"><input size=\"40\" maxlength=\"400\" class=\"wpcf7-form-control wpcf7-email wpcf7-validates-as-required wpcf7-text wpcf7-validates-as-email\" autocomplete=\"email\" aria-required=\"true\" aria-invalid=\"false\" placeholder=\"Email*\" value=\"\" type=\"email\" name=\"email\" \/><\/span><\/div>\n<\/div>\n\n<div class=\"cf7m-row\">\n<div class=\"cf7m-col cf7m-col-12\"><span class=\"wpcf7-form-control-wrap\" data-name=\"commento\"><textarea cols=\"40\" rows=\"10\" maxlength=\"2000\" class=\"wpcf7-form-control wpcf7-textarea wpcf7-validates-as-required\" aria-required=\"true\" aria-invalid=\"false\" placeholder=\"Mensaje*\" name=\"commento\"><\/textarea><\/span><\/div>\n<\/div>\n\n<div class=\"cf7m-row\">\n<p>Privacy<\/p>\n<div class=\"cf7m-col cf7m-col-12\"><span class=\"wpcf7-form-control-wrap\" data-name=\"privacy\"><span class=\"wpcf7-form-control wpcf7-acceptance\"><span class=\"wpcf7-list-item\"><label><input type=\"checkbox\" name=\"privacy\" value=\"1\" aria-invalid=\"false\" \/><span class=\"wpcf7-list-item-label\">Declaro haber le\u00eddo y aceptado la <a href=\"https:\/\/www.iubenda.com\/privacy-policy\/70605828\">Privacy Policy<\/a><\/span><\/label><\/span><\/span><\/span><\/div>\n<\/div>\n\n<input class=\"wpcf7-form-control wpcf7-submit has-spinner\" type=\"submit\" value=\"Enviar solicitud\" \/><div class=\"wpcf7-response-output\" aria-hidden=\"true\"><\/div>\n<\/form>\n<\/div>\n\n\t\t\t\t<\/div>\n\t\t\t<\/div>\n\t\t\t\t<\/div>\n\t\t\t<\/div>\n","protected":false},"author":1,"featured_media":0,"parent":0,"menu_order":0,"comment_status":"closed","ping_status":"closed","template":"","meta":{"_et_pb_use_builder":"on","_et_pb_old_content":"","_et_gb_content_width":"","footnotes":""},"class_list":["post-270851","page","type-page","status-publish","hentry"],"yoast_head":"<!-- This site is optimized with the Yoast SEO plugin v27.5 - https:\/\/yoast.com\/product\/yoast-seo-wordpress\/ -->\n<title>QOC Solutions: ponte en contacto con nosotros para obtener m\u00e1s informaci\u00f3n y presupuestos<\/title>\n<meta name=\"description\" content=\"Ponte en contacto con QOC Solutions, fabricante de cierres r\u00e1pidos para plantas industriales, con sede en Vaprio d&#039;Agogna, en la provincia de Novara.\" \/>\n<meta name=\"robots\" content=\"index, follow, max-snippet:-1, max-image-preview:large, max-video-preview:-1\" \/>\n<link rel=\"canonical\" href=\"https:\/\/www.qocsolutions.com\/es\/ponte-en-contacto\/\" \/>\n<meta property=\"og:locale\" content=\"es_ES\" \/>\n<meta property=\"og:type\" content=\"article\" \/>\n<meta property=\"og:title\" content=\"QOC Solutions: ponte en contacto con nosotros para obtener m\u00e1s informaci\u00f3n y presupuestos\" \/>\n<meta property=\"og:description\" content=\"Ponte en contacto con QOC Solutions, fabricante de cierres r\u00e1pidos para plantas industriales, con sede en Vaprio d&#039;Agogna, en la provincia de Novara.\" \/>\n<meta property=\"og:url\" content=\"https:\/\/www.qocsolutions.com\/es\/ponte-en-contacto\/\" \/>\n<meta property=\"og:site_name\" content=\"qoc\" \/>\n<meta property=\"article:modified_time\" content=\"2026-04-02T09:15:49+00:00\" \/>\n<meta name=\"twitter:card\" content=\"summary_large_image\" \/>\n<meta name=\"twitter:label1\" content=\"Tiempo de lectura\" \/>\n\t<meta name=\"twitter:data1\" content=\"1 minuto\" \/>\n<script type=\"application\/ld+json\" class=\"yoast-schema-graph\">{\"@context\":\"https:\\\/\\\/schema.org\",\"@graph\":[{\"@type\":\"WebPage\",\"@id\":\"https:\\\/\\\/www.qocsolutions.com\\\/es\\\/ponte-en-contacto\\\/\",\"url\":\"https:\\\/\\\/www.qocsolutions.com\\\/es\\\/ponte-en-contacto\\\/\",\"name\":\"QOC Solutions: ponte en contacto con nosotros para obtener m\u00e1s informaci\u00f3n y presupuestos\",\"isPartOf\":{\"@id\":\"https:\\\/\\\/www.qocsolutions.com\\\/es\\\/#website\"},\"datePublished\":\"2026-03-03T09:57:35+00:00\",\"dateModified\":\"2026-04-02T09:15:49+00:00\",\"description\":\"Ponte en contacto con QOC Solutions, fabricante de cierres r\u00e1pidos para plantas industriales, con sede en Vaprio d'Agogna, en la provincia de Novara.\",\"breadcrumb\":{\"@id\":\"https:\\\/\\\/www.qocsolutions.com\\\/es\\\/ponte-en-contacto\\\/#breadcrumb\"},\"inLanguage\":\"es\",\"potentialAction\":[{\"@type\":\"ReadAction\",\"target\":[\"https:\\\/\\\/www.qocsolutions.com\\\/es\\\/ponte-en-contacto\\\/\"]}]},{\"@type\":\"BreadcrumbList\",\"@id\":\"https:\\\/\\\/www.qocsolutions.com\\\/es\\\/ponte-en-contacto\\\/#breadcrumb\",\"itemListElement\":[{\"@type\":\"ListItem\",\"position\":1,\"name\":\"Home\",\"item\":\"https:\\\/\\\/www.qocsolutions.com\\\/es\\\/\"},{\"@type\":\"ListItem\",\"position\":2,\"name\":\"Ponte en contacto\"}]},{\"@type\":\"WebSite\",\"@id\":\"https:\\\/\\\/www.qocsolutions.com\\\/es\\\/#website\",\"url\":\"https:\\\/\\\/www.qocsolutions.com\\\/es\\\/\",\"name\":\"qoc\",\"description\":\"\",\"potentialAction\":[{\"@type\":\"SearchAction\",\"target\":{\"@type\":\"EntryPoint\",\"urlTemplate\":\"https:\\\/\\\/www.qocsolutions.com\\\/es\\\/?s={search_term_string}\"},\"query-input\":{\"@type\":\"PropertyValueSpecification\",\"valueRequired\":true,\"valueName\":\"search_term_string\"}}],\"inLanguage\":\"es\"}]}<\/script>\n<!-- \/ Yoast SEO plugin. -->","yoast_head_json":{"title":"QOC Solutions: ponte en contacto con nosotros para obtener m\u00e1s informaci\u00f3n y presupuestos","description":"Ponte en contacto con QOC Solutions, fabricante de cierres r\u00e1pidos para plantas industriales, con sede en Vaprio d'Agogna, en la provincia de Novara.","robots":{"index":"index","follow":"follow","max-snippet":"max-snippet:-1","max-image-preview":"max-image-preview:large","max-video-preview":"max-video-preview:-1"},"canonical":"https:\/\/www.qocsolutions.com\/es\/ponte-en-contacto\/","og_locale":"es_ES","og_type":"article","og_title":"QOC Solutions: ponte en contacto con nosotros para obtener m\u00e1s informaci\u00f3n y presupuestos","og_description":"Ponte en contacto con QOC Solutions, fabricante de cierres r\u00e1pidos para plantas industriales, con sede en Vaprio d'Agogna, en la provincia de Novara.","og_url":"https:\/\/www.qocsolutions.com\/es\/ponte-en-contacto\/","og_site_name":"qoc","article_modified_time":"2026-04-02T09:15:49+00:00","twitter_card":"summary_large_image","twitter_misc":{"Tiempo de lectura":"1 minuto"},"schema":{"@context":"https:\/\/schema.org","@graph":[{"@type":"WebPage","@id":"https:\/\/www.qocsolutions.com\/es\/ponte-en-contacto\/","url":"https:\/\/www.qocsolutions.com\/es\/ponte-en-contacto\/","name":"QOC Solutions: ponte en contacto con nosotros para obtener m\u00e1s informaci\u00f3n y presupuestos","isPartOf":{"@id":"https:\/\/www.qocsolutions.com\/es\/#website"},"datePublished":"2026-03-03T09:57:35+00:00","dateModified":"2026-04-02T09:15:49+00:00","description":"Ponte en contacto con QOC Solutions, fabricante de cierres r\u00e1pidos para plantas industriales, con sede en Vaprio d'Agogna, en la provincia de Novara.","breadcrumb":{"@id":"https:\/\/www.qocsolutions.com\/es\/ponte-en-contacto\/#breadcrumb"},"inLanguage":"es","potentialAction":[{"@type":"ReadAction","target":["https:\/\/www.qocsolutions.com\/es\/ponte-en-contacto\/"]}]},{"@type":"BreadcrumbList","@id":"https:\/\/www.qocsolutions.com\/es\/ponte-en-contacto\/#breadcrumb","itemListElement":[{"@type":"ListItem","position":1,"name":"Home","item":"https:\/\/www.qocsolutions.com\/es\/"},{"@type":"ListItem","position":2,"name":"Ponte en contacto"}]},{"@type":"WebSite","@id":"https:\/\/www.qocsolutions.com\/es\/#website","url":"https:\/\/www.qocsolutions.com\/es\/","name":"qoc","description":"","potentialAction":[{"@type":"SearchAction","target":{"@type":"EntryPoint","urlTemplate":"https:\/\/www.qocsolutions.com\/es\/?s={search_term_string}"},"query-input":{"@type":"PropertyValueSpecification","valueRequired":true,"valueName":"search_term_string"}}],"inLanguage":"es"}]}},"_links":{"self":[{"href":"https:\/\/www.qocsolutions.com\/es\/wp-json\/wp\/v2\/pages\/270851","targetHints":{"allow":["GET"]}}],"collection":[{"href":"https:\/\/www.qocsolutions.com\/es\/wp-json\/wp\/v2\/pages"}],"about":[{"href":"https:\/\/www.qocsolutions.com\/es\/wp-json\/wp\/v2\/types\/page"}],"author":[{"embeddable":true,"href":"https:\/\/www.qocsolutions.com\/es\/wp-json\/wp\/v2\/users\/1"}],"replies":[{"embeddable":true,"href":"https:\/\/www.qocsolutions.com\/es\/wp-json\/wp\/v2\/comments?post=270851"}],"version-history":[{"count":1,"href":"https:\/\/www.qocsolutions.com\/es\/wp-json\/wp\/v2\/pages\/270851\/revisions"}],"predecessor-version":[{"id":271180,"href":"https:\/\/www.qocsolutions.com\/es\/wp-json\/wp\/v2\/pages\/270851\/revisions\/271180"}],"wp:attachment":[{"href":"https:\/\/www.qocsolutions.com\/es\/wp-json\/wp\/v2\/media?parent=270851"}],"curies":[{"name":"wp","href":"https:\/\/api.w.org\/{rel}","templated":true}]}}